{"id":14,"date":"2015-05-27T09:52:57","date_gmt":"2015-05-27T09:52:57","guid":{"rendered":"https:\/\/fcmanrique.org\/w2015\/?page_id=14"},"modified":"2025-01-16T11:41:03","modified_gmt":"2025-01-16T11:41:03","slug":"fundacion-cesar-manrique-tahiche","status":"publish","type":"page","link":"https:\/\/fcmanrique.org\/de\/casas-museo-visitas\/fundacion-cesar-manrique-tahiche\/","title":{"rendered":"Stiftung C\u00e9sar Manrique"},"content":{"rendered":"<p><\/p>\n<h1>Vulkanhaus.<\/h1>\n<h2><em>Stiftung C\u00e9sar Manrique.<\/em> Tah\u00edche<\/h2>\n<p>Die Stiftung C\u00e9sar Manrique befindet sich in einem einzigartigen Geb\u00e4ude, das von C\u00e9sar Manrique bei seiner R\u00fcckkehr aus New York selbst entworfen wurde, als er beschloss, sich definitiv in Lanzarote niederzulassen. <strong>W\u00e4hrend 20 Jahren<\/strong>, von 1968 bis 1988, <strong>von dem K\u00fcnstler bewohnt<\/strong>, ist dies das Haus, in dem er am l\u00e4ngsten lebte. Es steht mitten in einem Lavastrom, der durch die gro\u00dfen Vulkanausbr\u00fcche entstand, die die Insel zwischen 1730 und 1736 heimsuchten. In diesem Geb\u00e4ude, das auf einem Grundst\u00fcck von 30 000 Quadratmetern 3000 Quadratmeter umfasst, ist auf die Beziehung zwischen dem Geb\u00e4ude und der Natur zu verweisen, die <strong>Vulkan und Architektur<\/strong> in einer Verbindung gegenseitigen Respekts verschmelzen l\u00e4sst.<\/p>\n<p>Der Oberstock wurde durch die traditionelle Architektur von Lanzarote inspiriert, der funktionelle Elemente moderner Auslegung hinzugef\u00fcgt wurden (gro\u00dfe Fenster, gro\u00dfz\u00fcgige R\u00e4ume, Deckenbeleuchtung etc.).<\/p>\n<p>Im Erdgescho\u00df nutzt er <strong>f\u00fcnf nat\u00fcrliche Vulkanblasen<\/strong>, die durch in die Lava gehauene Tunnel verbunden sind. Sie bilden einen \u00fcberraschenden und einzigartigen, aus der Natur entstandenen, Wohnraum. Weiter kann der Besucher das Schwimmbad, die kleine Tanzfl\u00e4che, den Backofen, den Grill&#8230; alles inmitten einer \u00fcppigen Vegetation und der st\u00e4ndigen Anwesenheit von Basalt genie\u00dfen. Der letzte Raum gleich vor dem Ausgang ist das fr\u00fchere Studio des Malers, das in einen Ausstellungsraum f\u00fcr seine Bilder verwandelt wurde.<\/p>\n<p>In den <strong>G\u00e4rten<\/strong>, die das Haus umgeben, sind faszinierende Kontraste anorganischer Verbindungen, der Schw\u00e4rze der Lava, der Vulkanasche und der \u201eSocos\u201c (Windschutzmauern) mit Obstb\u00e4umen und anderen Pflanzen kombiniert<\/p>\n<p>Ein Besuch dieses Hauses, das auf einem Meer aus Lava errichtet wurde, bietet <strong>ein ungew\u00f6hnliches Erlebnis<\/strong>.<\/p>","protected":false},"excerpt":{"rendered":"<p>Vulkanhaus. Stiftung C\u00e9sar Manrique. Tah\u00edche Die Stiftung C\u00e9sar Manrique befindet sich in einem einzigartigen Geb\u00e4ude, das von C\u00e9sar Manrique bei seiner R\u00fcckkehr aus New York selbst entworfen wurde, als er beschloss, sich definitiv in Lanzarote niederzulassen. W\u00e4hrend 20 Jahren, von 1968 bis 1988, von dem K\u00fcnstler bewohnt, ist dies das Haus, in dem er am&#8230; <a href=\"https:\/\/fcmanrique.org\/de\/casas-museo-visitas\/fundacion-cesar-manrique-tahiche\/\" class=\"readmore\">Contin\u00faa leyendo \u2192<\/a><\/p>\n","protected":false},"author":1,"featured_media":0,"parent":12,"menu_order":1,"comment_status":"closed","ping_status":"closed","template":"","meta":{"_acf_changed":false,"ngg_post_thumbnail":0,"footnotes":""},"class_list":["post-14","page","type-page","status-publish","hentry"],"acf":[],"_links":{"self":[{"href":"https:\/\/fcmanrique.org\/de\/wp-json\/wp\/v2\/pages\/14","targetHints":{"allow":["GET"]}}],"collection":[{"href":"https:\/\/fcmanrique.org\/de\/wp-json\/wp\/v2\/pages"}],"about":[{"href":"https:\/\/fcmanrique.org\/de\/wp-json\/wp\/v2\/types\/page"}],"author":[{"embeddable":true,"href":"https:\/\/fcmanrique.org\/de\/wp-json\/wp\/v2\/users\/1"}],"replies":[{"embeddable":true,"href":"https:\/\/fcmanrique.org\/de\/wp-json\/wp\/v2\/comments?post=14"}],"version-history":[{"count":123,"href":"https:\/\/fcmanrique.org\/de\/wp-json\/wp\/v2\/pages\/14\/revisions"}],"predecessor-version":[{"id":26344,"href":"https:\/\/fcmanrique.org\/de\/wp-json\/wp\/v2\/pages\/14\/revisions\/26344"}],"up":[{"embeddable":true,"href":"https:\/\/fcmanrique.org\/de\/wp-json\/wp\/v2\/pages\/12"}],"wp:attachment":[{"href":"https:\/\/fcmanrique.org\/de\/wp-json\/wp\/v2\/media?parent=14"}],"curies":[{"name":"wp","href":"https:\/\/api.w.org\/{rel}","templated":true}]}}