{"id":22,"date":"2015-05-29T13:21:37","date_gmt":"2015-05-29T13:21:37","guid":{"rendered":"https:\/\/fcmanrique.org\/w2015\/?page_id=22"},"modified":"2018-02-09T20:36:45","modified_gmt":"2018-02-09T20:36:45","slug":"institucion","status":"publish","type":"page","link":"https:\/\/fcmanrique.org\/de\/la-fundacion\/institucion\/","title":{"rendered":"Institution"},"content":{"rendered":"<p><\/p>\n<div class=\"seccion-dividida-principal\">\n<h1>Institution<\/h1>\n<p>Die Stiftung C\u00e9sar Manrique (FCM) wurde von C\u00e9sar Manrique im Jahr 1983 ins Leben gerufen und im Jahr 1990 in Geng gesetzt. Ihr Sitz befindet sich in dem fr\u00fcheren Wohnhaus des K\u00fcnstlers in Taro de Tah\u00edche, Lanzarote.<\/p>\n<p>Die FCM ist eine private kulturelle Einrichtung, eine gemeinn\u00fctzige Organisation, deren T\u00e4tigkeitsbereich auf vier sich erg\u00e4nzenden Arbeitsgebieten beruht: C\u00e9sar Manrique, bildende K\u00fcnste, Umwelt und Land und Gedanken \u00fcber die Kultur.<\/p>\n<p>Hier die Ziele des T\u00e4tigkeitsbereichs der FCM, die in ihrer Gr\u00fcndungsurkunde wiedergegeben werden: Wahrung, Studium und Verbreitung des Werks und k\u00fcnstlerischen Nachlasses von C\u00e9sar Manrique, die F\u00f6rderung von Ausstellungen, Studien und Initiativen, die sich mit der Beziehung zwischen Kunst und Natur besch\u00e4ftigen, Entfaltung von T\u00e4tigkeiten, die sowohl die Bewahrung der Umwelt als auch deren nachhaltige Verwandlung und Raumplanung, vor allem in Lanzarote und auf den Kanarischen Inseln, beg\u00fcnstigen und intellektuelle und kreative Aktivit\u00e4ten und kritisches Denken f\u00f6rdern.<\/p>\n<\/div>\n<div class=\"seccion-dividida-secundaria\">\n<div class='submenu-secundario'><li><a href='https:\/\/fcmanrique.org\/de\/la-fundacion\/institucion\/espacios\/' class='boton inactive'>R\u00e4ume<\/a><\/li><li><a href='https:\/\/fcmanrique.org\/de\/la-fundacion\/institucion\/departamentos\/' class='boton inactive'>Abteilungen<\/a><\/li><li><a href='https:\/\/fcmanrique.org\/de\/la-fundacion\/institucion\/naturaleza-y-objetivos\/' class='boton inactive'>Natur und Zielsetzungen<\/a><\/li><\/div>\n<\/div>\n<p>&nbsp;<\/p>","protected":false},"excerpt":{"rendered":"<p>Institution Die Stiftung C\u00e9sar Manrique (FCM) wurde von C\u00e9sar Manrique im Jahr 1983 ins Leben gerufen und im Jahr 1990 in Geng gesetzt. Ihr Sitz befindet sich in dem fr\u00fcheren Wohnhaus des K\u00fcnstlers in Taro de Tah\u00edche, Lanzarote. Die FCM ist eine private kulturelle Einrichtung, eine gemeinn\u00fctzige Organisation, deren T\u00e4tigkeitsbereich auf vier sich erg\u00e4nzenden Arbeitsgebieten&#8230; <a href=\"https:\/\/fcmanrique.org\/de\/la-fundacion\/institucion\/\" class=\"readmore\">Contin\u00faa leyendo \u2192<\/a><\/p>\n","protected":false},"author":1,"featured_media":0,"parent":20,"menu_order":1,"comment_status":"closed","ping_status":"closed","template":"","meta":{"_acf_changed":false,"ngg_post_thumbnail":0,"footnotes":""},"class_list":["post-22","page","type-page","status-publish","hentry"],"acf":[],"_links":{"self":[{"href":"https:\/\/fcmanrique.org\/de\/wp-json\/wp\/v2\/pages\/22","targetHints":{"allow":["GET"]}}],"collection":[{"href":"https:\/\/fcmanrique.org\/de\/wp-json\/wp\/v2\/pages"}],"about":[{"href":"https:\/\/fcmanrique.org\/de\/wp-json\/wp\/v2\/types\/page"}],"author":[{"embeddable":true,"href":"https:\/\/fcmanrique.org\/de\/wp-json\/wp\/v2\/users\/1"}],"replies":[{"embeddable":true,"href":"https:\/\/fcmanrique.org\/de\/wp-json\/wp\/v2\/comments?post=22"}],"version-history":[{"count":18,"href":"https:\/\/fcmanrique.org\/de\/wp-json\/wp\/v2\/pages\/22\/revisions"}],"predecessor-version":[{"id":633,"href":"https:\/\/fcmanrique.org\/de\/wp-json\/wp\/v2\/pages\/22\/revisions\/633"}],"up":[{"embeddable":true,"href":"https:\/\/fcmanrique.org\/de\/wp-json\/wp\/v2\/pages\/20"}],"wp:attachment":[{"href":"https:\/\/fcmanrique.org\/de\/wp-json\/wp\/v2\/media?parent=22"}],"curies":[{"name":"wp","href":"https:\/\/api.w.org\/{rel}","templated":true}]}}