{"id":289,"date":"2015-10-01T18:33:50","date_gmt":"2015-10-01T18:33:50","guid":{"rendered":"https:\/\/fcmanrique.org\/w2015\/?page_id=289"},"modified":"2016-08-30T12:07:28","modified_gmt":"2016-08-30T12:07:28","slug":"colecciones","status":"publish","type":"page","link":"https:\/\/fcmanrique.org\/de\/la-fundacion\/museo\/colecciones\/","title":{"rendered":"Sammlungen"},"content":{"rendered":"<p class=\"qtranxs-available-languages-message qtranxs-available-languages-message-de\">Leider ist der Eintrag nur auf <a href=\"https:\/\/fcmanrique.org\/es\/wp-json\/wp\/v2\/pages\/289\" class=\"qtranxs-available-language-link qtranxs-available-language-link-es\" title=\"ES\">ES<\/a> und <a href=\"https:\/\/fcmanrique.org\/en\/wp-json\/wp\/v2\/pages\/289\" class=\"qtranxs-available-language-link qtranxs-available-language-link-en\" title=\"EN\">EN<\/a> verf\u00fcgbar.<\/p><p><\/p>\n<div class=\"seccion-dividida-principal\">\n<h1>Colecciones<\/h1>\n<p>&nbsp;<br \/>\nEn la actualidad, el museo de la Fundaci\u00f3n C\u00e9sar Manrique acoge dos colecciones: una de arte contempor\u00e1neo, que pertenec\u00eda al fundador, formada mayoritariamente por obras de artistas de su generaci\u00f3n (Fondos), y otra representativa de la obra del artista que da su nombre a la instituci\u00f3n (Colecci\u00f3n Manrique). Esta \u00faltima se organiza en tres salas del museo de Taro de Tah\u00edche: Espacios \u2014obra de intervenci\u00f3n en el medio\u2014; Bocetos \u2014apuntes de sus murales, dise\u00f1os, esculturas m\u00f3viles y cer\u00e1micas\u2014; y Pintura \u2014una amplia selecci\u00f3n de su producci\u00f3n pict\u00f3rica\u2014.<\/p>\n<p>La FCM forma adem\u00e1s una colecci\u00f3n propia en torno a las relaciones entre Arte y Naturaleza, que no se muestra en las salas habitualmente. Est\u00e1 asociada a la pol\u00edtica de exposiciones temporales y la constituyen obras de artistas que toman la naturaleza como referencia central de sus comportamientos creativos, expresados en lenguajes contempor\u00e1neos. Hasta el momento, la colecci\u00f3n Arte-Naturaleza est\u00e1 compuesta por obras de Nils-Udo, Thomas Joshua Cooper, Miguel \u00c1ngel Blanco, Axel H\u00fctte, Hamish Fulton, Giuliano Mauri y Jan Hendrix.<\/p>\n<p>En la colecci\u00f3n de la Casa-Museo C\u00e9sar Manrique Har\u00eda se re\u00fane una amplia muestra de objetos personales que rodearon a Manrique: muebles y enseres; cuadros y piezas de arte; libros, revistas y cat\u00e1logos; objetos dom\u00e9sticos y decorativos; fotograf\u00edas; \u00fatiles dom\u00e9sticos; ropa, alfombras, tapices\u2026, as\u00ed como piezas dise\u00f1adas por el propio C\u00e9sar \u2014l\u00e1mparas, mesas, cabeceros de camas,\u2026\u2014.<\/p>\n<\/div>\n<div class=\"seccion-dividida-secundaria\">\n<div class='submenu-secundario'><li><a href='https:\/\/fcmanrique.org\/de\/la-fundacion\/museo\/' class='boton inactive'>Museen<\/a><\/li><\/div>\n<\/div>\n<p>&nbsp;<\/p>","protected":false},"excerpt":{"rendered":"<p>Leider ist der Eintrag nur auf ES und EN verf\u00fcgbar. Colecciones &nbsp; En la actualidad, el museo de la Fundaci\u00f3n C\u00e9sar Manrique acoge dos colecciones: una de arte contempor\u00e1neo, que pertenec\u00eda al fundador, formada mayoritariamente por obras de artistas de su generaci\u00f3n (Fondos), y otra representativa de la obra del artista que da su nombre&#8230; <a href=\"https:\/\/fcmanrique.org\/de\/la-fundacion\/museo\/colecciones\/\" class=\"readmore\">Contin\u00faa leyendo \u2192<\/a><\/p>\n","protected":false},"author":1,"featured_media":0,"parent":24,"menu_order":3,"comment_status":"closed","ping_status":"closed","template":"","meta":{"_acf_changed":false,"ngg_post_thumbnail":0,"footnotes":""},"class_list":["post-289","page","type-page","status-publish","hentry"],"acf":[],"_links":{"self":[{"href":"https:\/\/fcmanrique.org\/de\/wp-json\/wp\/v2\/pages\/289","targetHints":{"allow":["GET"]}}],"collection":[{"href":"https:\/\/fcmanrique.org\/de\/wp-json\/wp\/v2\/pages"}],"about":[{"href":"https:\/\/fcmanrique.org\/de\/wp-json\/wp\/v2\/types\/page"}],"author":[{"embeddable":true,"href":"https:\/\/fcmanrique.org\/de\/wp-json\/wp\/v2\/users\/1"}],"replies":[{"embeddable":true,"href":"https:\/\/fcmanrique.org\/de\/wp-json\/wp\/v2\/comments?post=289"}],"version-history":[{"count":3,"href":"https:\/\/fcmanrique.org\/de\/wp-json\/wp\/v2\/pages\/289\/revisions"}],"predecessor-version":[{"id":528,"href":"https:\/\/fcmanrique.org\/de\/wp-json\/wp\/v2\/pages\/289\/revisions\/528"}],"up":[{"embeddable":true,"href":"https:\/\/fcmanrique.org\/de\/wp-json\/wp\/v2\/pages\/24"}],"wp:attachment":[{"href":"https:\/\/fcmanrique.org\/de\/wp-json\/wp\/v2\/media?parent=289"}],"curies":[{"name":"wp","href":"https:\/\/api.w.org\/{rel}","templated":true}]}}