{"id":41,"date":"2015-06-04T13:43:25","date_gmt":"2015-06-04T13:43:25","guid":{"rendered":"https:\/\/fcmanrique.org\/w2015\/?page_id=41"},"modified":"2022-10-03T10:06:12","modified_gmt":"2022-10-03T10:06:12","slug":"biografia","status":"publish","type":"page","link":"https:\/\/fcmanrique.org\/de\/cesar-manrique\/biografia\/","title":{"rendered":"Biographie"},"content":{"rendered":"<p><\/p>\n<div class=\"seccion-dividida-principal\">\n<h1>Biographie<\/h1>\n<p>C\u00e9sar Manrique (1919 \u2013 1992) wurde in Arrecife, Lanzarote, geboren, einer Insel, auf der seine k\u00fcnstlerische Laufbahn unausl\u00f6schliche Spuren hinterlie\u00df.<\/p>\n<p>Nachdem er seine Studien in der Akademie f\u00fcr Sch\u00f6ne K\u00fcnste in San Fernando, Madrid, (wo er in den Jahren 1945 bis 1964 lebte) beendet hatte, stellte er seine Malereien h\u00e4ufig sowohl innerhalb als auch au\u00dferhalb Spaniens aus. In der ersten H\u00e4lfte der 50er Jahre vertieft er sich in die nicht-figurative Kunst und erforschte die Qualit\u00e4t der Materie so lange, bis sie begann, die Hauptrolle in seinen Kompositionen zu spielen und er sich auf diese Weise der Bewegung des spanischen Informalismus anschloss.<\/p>\n<p>Trotz seiner intensiven Besch\u00e4ftigung mit der Materie der Felsen und der Abstraktion, wird die Formensprache seiner bildnerischen Produktion dennoch von den Eindr\u00fccken der vulkanischen Landschaft Lanzarotes gepr\u00e4gt, die der K\u00fcnstler in eine Art abstrakten Naturalismus verwandelt, der nicht der Kopie des Nat\u00fcrlichen, sondern einem emotionellen Verst\u00e4ndnis entspringt. Er schrieb \u201eIch versuche, die freie Hand zu sein, die die Geologie formt\u201c.<\/p>\n<p>Im Jahr 1964 zieht er nach New York um, wo er drei Mal in der Galerie Catherine Viviano ausstellte. Die direkte Kenntnis des amerikanischen abstrakten Expressionismus, der Pop Art, der Neuen Bildhauerei sowie der kinetischen Kunst \u00fcbermittelten ihm f\u00fcr seine sp\u00e4tere kreative Laufbahn ein grundlegendes visuelles Allgemeinwissen.<\/p>\n<p>Mitte der 60er Jahre und zugleich mit seinem Umzug nach Lanzarote, f\u00f6rdert C\u00e9sar Manrique auf der Insel eine Reihe k\u00fcnstlerischer Projekte r\u00e4umlicher und landschaftlicher Natur, Neuigkeiten f\u00fcr die damalige Zeit, in denen er seine plastischen und ethischen Gedanken gestaltet. Es handelt sich um eine Reihe von Events und Interventionen, die darauf ausgerichtet sind, den Wert der Landschaft und der nat\u00fcrlichen Attraktionen der Insel zu steigern, die ihr neues Antlitz und ihre internationale Projektion bilden und Teil der landschaftlichen Ver\u00e4nderung und der Anpassung von Lanzarote an den Fremdenverkehr sein werden.<\/p>\n<p>Und so erarbeitete er eine neue \u00e4sthetische Vision, die er Kunst-Natur \/ Natur-Kunst benannte und in die er verschiedene k\u00fcnstlerische Ausdrucksformen integrierte, die er in seinen landschaftlichen Werken konkretisieren konnte, ein einmaliges Beispiel \u00f6ffentlicher Kunst in Spanien: Jameos del Agua, Mirador del R\u00edo, Jard\u00edn de Cactus, Timanfaya etc. Dies sind grunds\u00e4tzlich Werke, die mit der Fremdenverkehrsindustrie im Zusammenhang stehen und denen Manrique eine in Spanien beispiellose wirtschaftliche und soziale Funktion verleiht. Manrique errichtete auch auf anderen Inseln und au\u00dferhalb des kanarischen Archipels Werke dieser Art \u2013 Aussichtspunkte, G\u00e4rten, Wiederherstellung degradierter Gebiete, Erneuerungen der K\u00fcsten \u2013 in denen er seine grundlegenden charakteristischen Z\u00fcge beibeh\u00e4lt: Einen respektvollen Dialog mit der Natur und moderne Konzepte im Rahmen der architektonischen Werte der \u00f6rtlichen Tradition.<\/p>\n<\/div>\n<div class=\"seccion-dividida-secundaria\">\n<div class='submenu-secundario'><li><a href='https:\/\/fcmanrique.org\/de\/cesar-manrique\/obra\/' class='boton inactive'>Werk<\/a><\/li><li><a href='https:\/\/fcmanrique.org\/de\/cesar-manrique\/activismo\/' class='boton inactive'>Activism<\/a><\/li><li><a href='https:\/\/fcmanrique.org\/de\/cesar-manrique\/bibliografia\/' class='boton inactive'>Bibliographie<\/a><\/li><li><a href='\/centenario\/' class='boton'>Centenario<\/a><\/li><\/div>\nngg_shortcode_3_placeholder\n<\/div>\n<p><\/p>","protected":false},"excerpt":{"rendered":"<p>Biographie C\u00e9sar Manrique (1919 \u2013 1992) wurde in Arrecife, Lanzarote, geboren, einer Insel, auf der seine k\u00fcnstlerische Laufbahn unausl\u00f6schliche Spuren hinterlie\u00df. Nachdem er seine Studien in der Akademie f\u00fcr Sch\u00f6ne K\u00fcnste in San Fernando, Madrid, (wo er in den Jahren 1945 bis 1964 lebte) beendet hatte, stellte er seine Malereien h\u00e4ufig sowohl innerhalb als auch&#8230; <a href=\"https:\/\/fcmanrique.org\/de\/cesar-manrique\/biografia\/\" class=\"readmore\">Contin\u00faa leyendo \u2192<\/a><\/p>\n","protected":false},"author":1,"featured_media":0,"parent":18,"menu_order":0,"comment_status":"closed","ping_status":"open","template":"","meta":{"_acf_changed":false,"ngg_post_thumbnail":0,"footnotes":""},"class_list":["post-41","page","type-page","status-publish","hentry"],"acf":[],"_links":{"self":[{"href":"https:\/\/fcmanrique.org\/de\/wp-json\/wp\/v2\/pages\/41","targetHints":{"allow":["GET"]}}],"collection":[{"href":"https:\/\/fcmanrique.org\/de\/wp-json\/wp\/v2\/pages"}],"about":[{"href":"https:\/\/fcmanrique.org\/de\/wp-json\/wp\/v2\/types\/page"}],"author":[{"embeddable":true,"href":"https:\/\/fcmanrique.org\/de\/wp-json\/wp\/v2\/users\/1"}],"replies":[{"embeddable":true,"href":"https:\/\/fcmanrique.org\/de\/wp-json\/wp\/v2\/comments?post=41"}],"version-history":[{"count":30,"href":"https:\/\/fcmanrique.org\/de\/wp-json\/wp\/v2\/pages\/41\/revisions"}],"predecessor-version":[{"id":23109,"href":"https:\/\/fcmanrique.org\/de\/wp-json\/wp\/v2\/pages\/41\/revisions\/23109"}],"up":[{"embeddable":true,"href":"https:\/\/fcmanrique.org\/de\/wp-json\/wp\/v2\/pages\/18"}],"wp:attachment":[{"href":"https:\/\/fcmanrique.org\/de\/wp-json\/wp\/v2\/media?parent=41"}],"curies":[{"name":"wp","href":"https:\/\/api.w.org\/{rel}","templated":true}]}}