{"id":91,"date":"2015-08-28T11:46:48","date_gmt":"2015-08-28T11:46:48","guid":{"rendered":"https:\/\/fcmanrique.org\/w2015\/?page_id=91"},"modified":"2016-08-30T12:07:28","modified_gmt":"2016-08-30T12:07:28","slug":"bibliografia","status":"publish","type":"page","link":"https:\/\/fcmanrique.org\/de\/cesar-manrique\/bibliografia\/","title":{"rendered":"Bibliographie"},"content":{"rendered":"<p class=\"qtranxs-available-languages-message qtranxs-available-languages-message-de\">Leider ist der Eintrag nur auf <a href=\"https:\/\/fcmanrique.org\/es\/wp-json\/wp\/v2\/pages\/91\" class=\"qtranxs-available-language-link qtranxs-available-language-link-es\" title=\"ES\">ES<\/a> und <a href=\"https:\/\/fcmanrique.org\/en\/wp-json\/wp\/v2\/pages\/91\" class=\"qtranxs-available-language-link qtranxs-available-language-link-en\" title=\"EN\">EN<\/a> verf\u00fcgbar.<\/p><p><\/p>\n<div class=\"seccion-dividida-principal\">\n<h1>Bibliograf\u00eda<\/h1>\n<p>&nbsp;<br \/>\n<strong>1. Bibliograf\u00eda espec\u00edfica de pintura (selecci\u00f3n)<\/strong><\/p>\n<p>CARMONA, Eugenio, &#8222;C\u00e9sar Manrique en los a\u00f1os cincuenta. Consideraciones en torno a la creaci\u00f3n de un imaginario pl\u00e1stico&#8220;, en <i>C\u00e9sar Manrique 1950-1957<\/i>, Fundaci\u00f3n C\u00e9sar Manrique, 2006.<\/p>\n<p>CASTRO BORREGO, Fernando, \u201cPensar en el para\u00edso\u201d, <em>C\u00e9sar Manrique \u00fcber Kunst und Umwelt<\/em>, M\u00fcnchner Volkshoschule Gasteig Kulturzentrum, Munich, 1985.<\/p>\n<p><em>C\u00e9sar Manrique. Nueva York<\/em>, Fundaci\u00f3n C\u00e9sar Manrique, Lanzarote, 1996.<\/p>\n<p>G\u00d3MEZ AGUILERA, Fernando. \u201cEntre el espejo y la cris\u00e1lida. Naturaleza y creaci\u00f3n en la pintura de C\u00e9sar Manrique\u201d, en <em>C\u00e9sar Manrique. Pintura 1958\u20131992, <\/em>Instituto Valenciano de Arte Moderno, Valencia, 2005, [tambi\u00e9n textos de Jaime Brihuega, \u201cEl paisaje y lo tel\u00farico en el arte espa\u00f1ol de la primera mitad del siglo XX\u201d; y Nilo Palenzuela, \u201cEl fuego y el juego del Universo-Manrique\u201d].<\/p>\n<p>G\u00d3MEZ AGUILERA, Fernando. &#8222;La f\u00e1brica del artista moderno. C\u00e9sar Manrique en el contexto del arte espa\u00f1ol (1950-1957)&#8220;, en <i>C\u00e9sar Manrique 1950-1957<\/i>, Fundaci\u00f3n C\u00e9sar Manrique, 2006.<\/p>\n<p><em>Manrique. Hecho <\/em>en <em>el fuego<\/em>, [Comisario: L\u00e1zaro Santana], Gobierno de Canarias, Islas Canarias, 1991, [Textos de L\u00e1zaro Santana<strong>; <\/strong>Fernando Castro, \u201cEros y Naturaleza; Frei Otto, \u201cDe la manera del volc\u00e1n\u201d; John Bernard Myers, \u201cUn artista singular y su entorno: una opini\u00f3n estadounidense\u201d; Fernando Ruiz, \u201cManrique y el territorio. Una propuesta de intervenci\u00f3n\u201d; y Francisco Galante, \u201cC\u00e9sar Manrique. El tratamiento de la arquitectura en el espacio natural\u201d; y C\u00e9sar Manrique, \u201cLa creaci\u00f3n total\u201d].<\/p>\n<p>RUIZ GORDILLO, Fernando, <em>C\u00e9sar Manrique<\/em>, Fundaci\u00f3n C\u00e9sar Manrique, Lanzarote, 1995.<\/p>\n<p>SANTANA, L\u00e1zaro, <em>Manrique<\/em>, Edirca, Las Palmas de Gran Canaria, 1991.<\/p>\n<p>SANTANA, L\u00e1zaro, <em>Manrique. Un arte para la vida<\/em>, Editorial Prensa Ib\u00e9rica, Barcelona, 1993.<\/p>\n<p>VV. AA., <em>C\u00e9sar Manrique. Pintura<\/em>, Fundaci\u00f3n C\u00e9sar Manrique, Lanzarote, 2002, [Textos de Fernando Castro Borrego, Mar\u00eda Dolores Jim\u00e9nez-Blanco, Mariano Navarro y L\u00e1zaro Santana].<\/p>\n<p><strong>2. Bibliograf\u00eda general sobre Manrique (selecci\u00f3n)<\/strong><\/p>\n<p>GALANTE G\u00d3MEZ, Francisco, <em>Mirador del R\u00edo<\/em>, Colecci\u00f3n Lugares, Fundaci\u00f3n C\u00e9sar Manrique, Lanzarote, 2000.<\/p>\n<p>G\u00d3MEZ AGUILERA, Fernando, &#8222;Arte y naturaleza en la propuesta est\u00e9tica de C\u00e9sar Manrique&#8220;, en <i>Atl\u00e1ntica Internacional<\/i>, Centro Atl\u00e1ntico de Arte Moderno, n\u00ba 8, oto\u00f1o 1994.<\/p>\n<p>MADERUELO, Javier, <em>Jameos del Agua<\/em>, Colecci\u00f3n Lugares, Fundaci\u00f3n C\u00e9sar Manrique, 2004, [en prensa].<\/p>\n<p>MANRIQUE, C\u00e9sar, <em>Lanzarote, arquitectura in\u00e9dita<\/em>, [Edici\u00f3n de C\u00e9sar Manrique], Lanzarote, 1974, [Textos de C\u00e9sar Manrique, Agust\u00edn de Espinosa, Fernando Higueras, Juan Ram\u00edrez de Lucas, Carlos de Miguel, Francisco Nieva y Jos\u00e9 Mar\u00eda Vellibre. Existe una segunda edi\u00adci\u00f3n, revisada y ampliada, publicada en 1988 por el Cabildo Insular de Lanzarote con textos de C\u00e9sar Man\u00adrique, Juan Ram\u00edrez de Lucas, Agust\u00edn Espinosa, Fernando Higueras y Francisco Nieva].<\/p>\n<p>MANRIQUE, C\u00e9sar, <em>Escrito en el fuego<\/em>, [Edici\u00f3n y pr\u00f3logo de L\u00e1zaro Santana], Edirca, Las Palmas de Gran Canaria, 1988.<\/p>\n<p>MANRIQUE, C\u00e9sar, [Edici\u00f3n, selecci\u00f3n e introducci\u00f3n de Fernando G\u00f3mez Aguilera], <em>C\u00e9sar Manrique. La palabra encendida<\/em>, Colecci\u00f3n Pl\u00e1stica &amp; Palabra, Universidad de Le\u00f3n, Le\u00f3n, 2005.<\/p>\n<p>MANRIQUE, C\u00e9sar, [Selecci\u00f3n e introducci\u00f3n de Fernando G\u00f3mez Aguilera], <em>C\u00e9sar Manrique. En sus palabras, <\/em>Fundaci\u00f3n C\u00e9sar Manrique, 1995.<\/p>\n<p>MARCH\u00c1N, Sim\u00f3n, <i>Fundaci\u00f3n C\u00e9sar Manrique, Lanzarote, <\/i>Edition Axel Menges, 1996<\/p>\n<p>RAM\u00cdREZ DE LUCAS, Juan, <em>Jard\u00edn de Cactus<\/em>, Colecci\u00f3n Lugares, Fundaci\u00f3n C\u00e9sar Manrique, Lanzarote, 2000.<\/p>\n<p>RILEY, Terence, &#8222;The volcano\u00b4s gift&#8220;, en <i>Nest<\/i>, primavera 2002 [traducido y publicado en <i>La Provincia<\/i>, 25 de abril de 2002].<\/p>\n<p>SANTANA, L\u00e1zaro, <em>Timanfaya<\/em>, Colecci\u00f3n Lugares, Fundaci\u00f3n C\u00e9sar Manrique, Lanzarote, 1997.<\/p>\n<p>ZAYA, \u201cManrique, un artista para el medio ambiente\u201d, <em>Guadalimar, <\/em>n\u00ba 59, Madrid, mayo, 1981.<\/p>\n<\/div>\n<div class=\"seccion-dividida-secundaria\">\n<div class='submenu-secundario'><li><a href='https:\/\/fcmanrique.org\/de\/cesar-manrique\/biografia\/' class='boton inactive'>Biographie<\/a><\/li><li><a href='https:\/\/fcmanrique.org\/de\/cesar-manrique\/obra\/' class='boton inactive'>Werk<\/a><\/li><li><a href='https:\/\/fcmanrique.org\/de\/cesar-manrique\/activismo\/' class='boton inactive'>Activism<\/a><\/li><li><a href='\/centenario\/' class='boton'>Centenario<\/a><\/li><\/div>\nngg_shortcode_0_placeholder\n<\/div>\n<p><\/p>","protected":false},"excerpt":{"rendered":"<p>Leider ist der Eintrag nur auf ES und EN verf\u00fcgbar. Bibliograf\u00eda &nbsp; 1. Bibliograf\u00eda espec\u00edfica de pintura (selecci\u00f3n) CARMONA, Eugenio, &#8222;C\u00e9sar Manrique en los a\u00f1os cincuenta. Consideraciones en torno a la creaci\u00f3n de un imaginario pl\u00e1stico&#8220;, en C\u00e9sar Manrique 1950-1957, Fundaci\u00f3n C\u00e9sar Manrique, 2006. CASTRO BORREGO, Fernando, \u201cPensar en el para\u00edso\u201d, C\u00e9sar Manrique \u00fcber Kunst&#8230; <a href=\"https:\/\/fcmanrique.org\/de\/cesar-manrique\/bibliografia\/\" class=\"readmore\">Contin\u00faa leyendo \u2192<\/a><\/p>\n","protected":false},"author":1,"featured_media":0,"parent":18,"menu_order":4,"comment_status":"closed","ping_status":"open","template":"","meta":{"_acf_changed":false,"ngg_post_thumbnail":0,"footnotes":""},"class_list":["post-91","page","type-page","status-publish","hentry"],"acf":[],"_links":{"self":[{"href":"https:\/\/fcmanrique.org\/de\/wp-json\/wp\/v2\/pages\/91","targetHints":{"allow":["GET"]}}],"collection":[{"href":"https:\/\/fcmanrique.org\/de\/wp-json\/wp\/v2\/pages"}],"about":[{"href":"https:\/\/fcmanrique.org\/de\/wp-json\/wp\/v2\/types\/page"}],"author":[{"embeddable":true,"href":"https:\/\/fcmanrique.org\/de\/wp-json\/wp\/v2\/users\/1"}],"replies":[{"embeddable":true,"href":"https:\/\/fcmanrique.org\/de\/wp-json\/wp\/v2\/comments?post=91"}],"version-history":[{"count":13,"href":"https:\/\/fcmanrique.org\/de\/wp-json\/wp\/v2\/pages\/91\/revisions"}],"predecessor-version":[{"id":346,"href":"https:\/\/fcmanrique.org\/de\/wp-json\/wp\/v2\/pages\/91\/revisions\/346"}],"up":[{"embeddable":true,"href":"https:\/\/fcmanrique.org\/de\/wp-json\/wp\/v2\/pages\/18"}],"wp:attachment":[{"href":"https:\/\/fcmanrique.org\/de\/wp-json\/wp\/v2\/media?parent=91"}],"curies":[{"name":"wp","href":"https:\/\/api.w.org\/{rel}","templated":true}]}}