{"id":17944,"date":"2019-02-08T12:42:59","date_gmt":"2019-02-08T12:42:59","guid":{"rendered":"https:\/\/fcmanrique.org\/?page_id=17944"},"modified":"2022-09-30T09:19:03","modified_gmt":"2022-09-30T09:19:03","slug":"centenario","status":"publish","type":"page","link":"https:\/\/fcmanrique.org\/en\/centenario\/","title":{"rendered":"Centenario"},"content":{"rendered":"<p class=\"qtranxs-available-languages-message qtranxs-available-languages-message-en\">Sorry, this entry is only available in <a href=\"https:\/\/fcmanrique.org\/es\/wp-json\/wp\/v2\/pages\/17944\" class=\"qtranxs-available-language-link qtranxs-available-language-link-es\" title=\"ES\">ES<\/a>.<\/p><p><img loading=\"lazy\" decoding=\"async\" class=\"alignleft size-full wp-image-17972\" src=\"https:\/\/fcmanrique.org\/wp-content\/uploads\/Retrato-Ce\u0301sarManrique.png\" alt=\"\" width=\"228\" height=\"261\" srcset=\"https:\/\/fcmanrique.org\/wp-content\/uploads\/Retrato-Ce\u0301sarManrique.png 228w, https:\/\/fcmanrique.org\/wp-content\/uploads\/Retrato-Ce\u0301sarManrique-215x246.png 215w\" sizes=\"auto, (max-width: 228px) 100vw, 228px\" \/><\/p>\n<h1>C\u00e9sar Manrique <span class=\"force-lato force-bold\">100 a\u00f1os de vida<\/span><\/h1>\n<h2>\u201cYo soy un contempor\u00e1neo del futuro (1970)\u201d<\/h2>\n<p>Entre el 24 de abril de 2019 y el 24 de abril de 2020,&nbsp;la Fundaci\u00f3n C\u00e9sar Manrique (FCM) conmemora el centenario del nacimiento de su fundador con la celebraci\u00f3n de un amplio programa de actividades desarrollado bajo el lema&nbsp;<em>El desaf\u00edo inmediato del presente: una humanidad contempor\u00e1nea del futuro<\/em>.<\/p>\n<p>Se recuerda as\u00ed a un pionero de la cultura universal en el campo de las relaciones entre arte y naturaleza y en la sostenibilidad ambiental y territorial. Un creador singular que practic\u00f3 la integraci\u00f3n de las artes en grandes espacios naturales. Una gran conciencia cr\u00edtica y propositiva que convirti\u00f3 una isla, Lanzarote, en una&nbsp;obra de arte.<\/p>","protected":false},"excerpt":{"rendered":"<p>Sorry, this entry is only available in ES. C\u00e9sar Manrique 100 a\u00f1os de vida \u201cYo soy un contempor\u00e1neo del futuro (1970)\u201d Entre el 24 de abril de 2019 y el 24 de abril de 2020,&nbsp;la Fundaci\u00f3n C\u00e9sar Manrique (FCM) conmemora el centenario del nacimiento de su fundador con la celebraci\u00f3n de un amplio programa de&#8230; <a href=\"https:\/\/fcmanrique.org\/en\/centenario\/\" class=\"readmore\">Contin\u00faa leyendo \u2192<\/a><\/p>\n","protected":false},"author":1,"featured_media":18501,"parent":0,"menu_order":0,"comment_status":"closed","ping_status":"closed","template":"","meta":{"_acf_changed":false,"ngg_post_thumbnail":0,"footnotes":""},"class_list":["post-17944","page","type-page","status-publish","has-post-thumbnail","hentry"],"acf":[],"_links":{"self":[{"href":"https:\/\/fcmanrique.org\/en\/wp-json\/wp\/v2\/pages\/17944","targetHints":{"allow":["GET"]}}],"collection":[{"href":"https:\/\/fcmanrique.org\/en\/wp-json\/wp\/v2\/pages"}],"about":[{"href":"https:\/\/fcmanrique.org\/en\/wp-json\/wp\/v2\/types\/page"}],"author":[{"embeddable":true,"href":"https:\/\/fcmanrique.org\/en\/wp-json\/wp\/v2\/users\/1"}],"replies":[{"embeddable":true,"href":"https:\/\/fcmanrique.org\/en\/wp-json\/wp\/v2\/comments?post=17944"}],"version-history":[{"count":29,"href":"https:\/\/fcmanrique.org\/en\/wp-json\/wp\/v2\/pages\/17944\/revisions"}],"predecessor-version":[{"id":18593,"href":"https:\/\/fcmanrique.org\/en\/wp-json\/wp\/v2\/pages\/17944\/revisions\/18593"}],"wp:featuredmedia":[{"embeddable":true,"href":"https:\/\/fcmanrique.org\/en\/wp-json\/wp\/v2\/media\/18501"}],"wp:attachment":[{"href":"https:\/\/fcmanrique.org\/en\/wp-json\/wp\/v2\/media?parent=17944"}],"curies":[{"name":"wp","href":"https:\/\/api.w.org\/{rel}","templated":true}]}}