{"id":19841,"date":"2019-06-27T12:26:01","date_gmt":"2019-06-27T12:26:01","guid":{"rendered":"https:\/\/fcmanrique.org\/?page_id=19841"},"modified":"2022-09-30T12:22:38","modified_gmt":"2022-09-30T12:22:38","slug":"newsletter-ok","status":"publish","type":"page","link":"https:\/\/fcmanrique.org\/en\/centenario\/newsletter-ok\/","title":{"rendered":"Newsletter OK"},"content":{"rendered":"<p class=\"qtranxs-available-languages-message qtranxs-available-languages-message-en\">Sorry, this entry is only available in <a href=\"https:\/\/fcmanrique.org\/es\/wp-json\/wp\/v2\/pages\/19841\" class=\"qtranxs-available-language-link qtranxs-available-language-link-es\" title=\"ES\">ES<\/a>.<\/p><p>\u00a1Gracias por suscribirse a nuestro newsletter!<\/p>\n<p>Para activar su suscripci\u00f3n, recibir\u00e1 un mensaje de correo electr\u00f3nico, que ha de ser confirmado. En caso de no haberlo recibido, sugerimos que revise la bandeja de \u201cCorreo no deseado\/Spam\u201d.<\/p>\n<p>&nbsp;<\/p>\n<p>&nbsp;<\/p>","protected":false},"excerpt":{"rendered":"<p>Sorry, this entry is only available in ES.\u00a1Gracias por suscribirse a nuestro newsletter! Para activar su suscripci\u00f3n, recibir\u00e1 un mensaje de correo electr\u00f3nico, que ha de ser confirmado. En caso de no haberlo recibido, sugerimos que revise la bandeja de \u201cCorreo no deseado\/Spam\u201d. &nbsp; &nbsp;<\/p>\n","protected":false},"author":1,"featured_media":0,"parent":17944,"menu_order":0,"comment_status":"closed","ping_status":"closed","template":"","meta":{"_acf_changed":false,"ngg_post_thumbnail":0,"footnotes":""},"class_list":["post-19841","page","type-page","status-publish","hentry"],"acf":[],"_links":{"self":[{"href":"https:\/\/fcmanrique.org\/en\/wp-json\/wp\/v2\/pages\/19841","targetHints":{"allow":["GET"]}}],"collection":[{"href":"https:\/\/fcmanrique.org\/en\/wp-json\/wp\/v2\/pages"}],"about":[{"href":"https:\/\/fcmanrique.org\/en\/wp-json\/wp\/v2\/types\/page"}],"author":[{"embeddable":true,"href":"https:\/\/fcmanrique.org\/en\/wp-json\/wp\/v2\/users\/1"}],"replies":[{"embeddable":true,"href":"https:\/\/fcmanrique.org\/en\/wp-json\/wp\/v2\/comments?post=19841"}],"version-history":[{"count":2,"href":"https:\/\/fcmanrique.org\/en\/wp-json\/wp\/v2\/pages\/19841\/revisions"}],"predecessor-version":[{"id":22105,"href":"https:\/\/fcmanrique.org\/en\/wp-json\/wp\/v2\/pages\/19841\/revisions\/22105"}],"up":[{"embeddable":true,"href":"https:\/\/fcmanrique.org\/en\/wp-json\/wp\/v2\/pages\/17944"}],"wp:attachment":[{"href":"https:\/\/fcmanrique.org\/en\/wp-json\/wp\/v2\/media?parent=19841"}],"curies":[{"name":"wp","href":"https:\/\/api.w.org\/{rel}","templated":true}]}}