{"id":4754,"date":"2017-11-14T13:45:16","date_gmt":"2017-11-14T13:45:16","guid":{"rendered":"https:\/\/fcmanrique.org\/?page_id=4754"},"modified":"2017-12-06T10:58:36","modified_gmt":"2017-12-06T10:58:36","slug":"creditos-web","status":"publish","type":"page","link":"https:\/\/fcmanrique.org\/en\/creditos-web\/","title":{"rendered":"Web Credits"},"content":{"rendered":"<p class=\"qtranxs-available-languages-message qtranxs-available-languages-message-en\">Sorry, this entry is only available in <a href=\"https:\/\/fcmanrique.org\/es\/wp-json\/wp\/v2\/pages\/4754\" class=\"qtranxs-available-language-link qtranxs-available-language-link-es\" title=\"ES\">ES<\/a>.<\/p><p>Dise\u00f1o: Sebasti\u00e1n Puiggr\u00f3s, <a href=\"http:\/\/www.sebastianpuiggros.com\/\">http:\/\/www.sebastianpuiggros.com\/<\/a><br \/>\nProgramaci\u00f3n: Federico Joselevich Puiggr\u00f3s, <a href=\"http:\/\/www.ludic.cc\/\">http:\/\/www.ludic.cc\/<\/a><br \/>\n\u00a9 Fundaci\u00f3n C\u00e9sar Manrique. Todos los derechos reservados.<\/p>","protected":false},"excerpt":{"rendered":"<p>Sorry, this entry is only available in ES.Dise\u00f1o: Sebasti\u00e1n Puiggr\u00f3s, http:\/\/www.sebastianpuiggros.com\/ Programaci\u00f3n: Federico Joselevich Puiggr\u00f3s, http:\/\/www.ludic.cc\/ \u00a9 Fundaci\u00f3n C\u00e9sar Manrique. Todos los derechos reservados.<\/p>\n","protected":false},"author":1,"featured_media":0,"parent":0,"menu_order":0,"comment_status":"closed","ping_status":"closed","template":"","meta":{"_acf_changed":false,"ngg_post_thumbnail":0,"footnotes":""},"class_list":["post-4754","page","type-page","status-publish","hentry"],"acf":[],"_links":{"self":[{"href":"https:\/\/fcmanrique.org\/en\/wp-json\/wp\/v2\/pages\/4754","targetHints":{"allow":["GET"]}}],"collection":[{"href":"https:\/\/fcmanrique.org\/en\/wp-json\/wp\/v2\/pages"}],"about":[{"href":"https:\/\/fcmanrique.org\/en\/wp-json\/wp\/v2\/types\/page"}],"author":[{"embeddable":true,"href":"https:\/\/fcmanrique.org\/en\/wp-json\/wp\/v2\/users\/1"}],"replies":[{"embeddable":true,"href":"https:\/\/fcmanrique.org\/en\/wp-json\/wp\/v2\/comments?post=4754"}],"version-history":[{"count":2,"href":"https:\/\/fcmanrique.org\/en\/wp-json\/wp\/v2\/pages\/4754\/revisions"}],"predecessor-version":[{"id":4809,"href":"https:\/\/fcmanrique.org\/en\/wp-json\/wp\/v2\/pages\/4754\/revisions\/4809"}],"wp:attachment":[{"href":"https:\/\/fcmanrique.org\/en\/wp-json\/wp\/v2\/media?parent=4754"}],"curies":[{"name":"wp","href":"https:\/\/api.w.org\/{rel}","templated":true}]}}