{"id":132,"date":"2015-09-14T13:35:51","date_gmt":"2015-09-14T13:35:51","guid":{"rendered":"https:\/\/fcmanrique.org\/w2015\/?page_id=132"},"modified":"2020-10-21T13:11:48","modified_gmt":"2020-10-21T13:11:48","slug":"naturaleza-y-objetivos","status":"publish","type":"page","link":"https:\/\/fcmanrique.org\/fr\/la-fundacion\/institucion\/naturaleza-y-objetivos\/","title":{"rendered":"Nature et objectifs"},"content":{"rendered":"<p class=\"qtranxs-available-languages-message qtranxs-available-languages-message-fr\">D\u00e9sol\u00e9, cet article est seulement disponible en <a href=\"https:\/\/fcmanrique.org\/es\/wp-json\/wp\/v2\/pages\/132\" class=\"qtranxs-available-language-link qtranxs-available-language-link-es\" title=\"ES\">ES<\/a>.<\/p><p><\/p>\n<div class=\"seccion-dividida-principal\">\n<h1>Naturaleza y objetivos<\/h1>\n<p>&nbsp;<br \/>\nLa FCM es una instituci\u00f3n cultural privada que fundamenta su actividad a trav\u00e9s de tres \u00e1reas complementarias de trabajo: las artes pl\u00e1sticas, el medio ambiente y la reflexi\u00f3n cultural.<\/p>\n<p>La FCM, instituci\u00f3n sin \u00e1nimo de lucro, se autofinancia captando sus recursos econ\u00f3micos b\u00e1sicamente a trav\u00e9s de dos v\u00edas: las entradas al museo y el merchandising (l\u00ednea de productos C\u00e9sar Manrique). Todas las actividades organizadas por la FCM son gratuitas.<\/p>\n<p>Los objetivos de la actividad de la FCM, recogidos en su acta fundacional, son los siguientes:<\/p>\n<p>\u2013 Conservar, estudiar y difundir la obra y el legado art\u00edstico de C\u00e9sar Manrique.<\/p>\n<p>\u2013 Promover exposiciones, estudios e iniciativas que atiendan a las relaciones entre arte y naturaleza.<\/p>\n<p>\u2013 Desarrollar actividades que favorezcan tanto la conservaci\u00f3n del medio natural como su transformaci\u00f3n sostenible y la ordenaci\u00f3n del territorio.<\/p>\n<p>\u2013 Promover la actividad intelectual, creativa y el pensamiento cr\u00edtico.<\/p>\n<\/div>\n<div class=\"seccion-dividida-secundaria\">\n<div class='submenu-secundario'><li><a href='https:\/\/fcmanrique.org\/fr\/la-fundacion\/institucion\/' class='boton inactive'>Institution<\/a><\/li><li><a href='https:\/\/fcmanrique.org\/fr\/la-fundacion\/institucion\/departamentos\/' class='boton inactive'>D\u00e9partements<\/a><\/li><li><a href='https:\/\/fcmanrique.org\/fr\/la-fundacion\/institucion\/espacios\/' class='boton inactive'>Espaces<\/a><\/li><\/div>\n<\/div>\n<p>&nbsp;<\/p>","protected":false},"excerpt":{"rendered":"<p>D\u00e9sol\u00e9, cet article est seulement disponible en ES. Naturaleza y objetivos &nbsp; La FCM es una instituci\u00f3n cultural privada que fundamenta su actividad a trav\u00e9s de tres \u00e1reas complementarias de trabajo: las artes pl\u00e1sticas, el medio ambiente y la reflexi\u00f3n cultural. La FCM, instituci\u00f3n sin \u00e1nimo de lucro, se autofinancia captando sus recursos econ\u00f3micos b\u00e1sicamente&#8230; <a href=\"https:\/\/fcmanrique.org\/fr\/la-fundacion\/institucion\/naturaleza-y-objetivos\/\" class=\"readmore\">Contin\u00faa leyendo \u2192<\/a><\/p>\n","protected":false},"author":1,"featured_media":0,"parent":22,"menu_order":0,"comment_status":"closed","ping_status":"closed","template":"","meta":{"_acf_changed":false,"ngg_post_thumbnail":0,"footnotes":""},"class_list":["post-132","page","type-page","status-publish","hentry"],"acf":[],"_links":{"self":[{"href":"https:\/\/fcmanrique.org\/fr\/wp-json\/wp\/v2\/pages\/132","targetHints":{"allow":["GET"]}}],"collection":[{"href":"https:\/\/fcmanrique.org\/fr\/wp-json\/wp\/v2\/pages"}],"about":[{"href":"https:\/\/fcmanrique.org\/fr\/wp-json\/wp\/v2\/types\/page"}],"author":[{"embeddable":true,"href":"https:\/\/fcmanrique.org\/fr\/wp-json\/wp\/v2\/users\/1"}],"replies":[{"embeddable":true,"href":"https:\/\/fcmanrique.org\/fr\/wp-json\/wp\/v2\/comments?post=132"}],"version-history":[{"count":7,"href":"https:\/\/fcmanrique.org\/fr\/wp-json\/wp\/v2\/pages\/132\/revisions"}],"predecessor-version":[{"id":525,"href":"https:\/\/fcmanrique.org\/fr\/wp-json\/wp\/v2\/pages\/132\/revisions\/525"}],"up":[{"embeddable":true,"href":"https:\/\/fcmanrique.org\/fr\/wp-json\/wp\/v2\/pages\/22"}],"wp:attachment":[{"href":"https:\/\/fcmanrique.org\/fr\/wp-json\/wp\/v2\/media?parent=132"}],"curies":[{"name":"wp","href":"https:\/\/api.w.org\/{rel}","templated":true}]}}