{"id":136,"date":"2015-09-14T13:36:41","date_gmt":"2015-09-14T13:36:41","guid":{"rendered":"https:\/\/fcmanrique.org\/w2015\/?page_id=136"},"modified":"2024-11-29T14:26:52","modified_gmt":"2024-11-29T14:26:52","slug":"departamentos","status":"publish","type":"page","link":"https:\/\/fcmanrique.org\/fr\/la-fundacion\/institucion\/departamentos\/","title":{"rendered":"D\u00e9partements"},"content":{"rendered":"<p class=\"qtranxs-available-languages-message qtranxs-available-languages-message-fr\">D\u00e9sol\u00e9, cet article est seulement disponible en <a href=\"https:\/\/fcmanrique.org\/es\/wp-json\/wp\/v2\/pages\/136\" class=\"qtranxs-available-language-link qtranxs-available-language-link-es\" title=\"ES\">ES<\/a> et <a href=\"https:\/\/fcmanrique.org\/en\/wp-json\/wp\/v2\/pages\/136\" class=\"qtranxs-available-language-link qtranxs-available-language-link-en\" title=\"EN\">EN<\/a>.<\/p><p><\/p>\n<div class=\"seccion-dividida-principal\">\n<h1>Departamentos<\/h1>\n<p>&nbsp;<br \/>\nLa FCM impulsa sus actuaciones principalmente a partir de proyectos y actividades que se desenvuelven en los campos del arte, del medio ambiente y de la cultura cr\u00edtica. Parte importante de la labor de la instituci\u00f3n se dedica a la conservaci\u00f3n, investigaci\u00f3n y difusi\u00f3n de la obra de C\u00e9sar Manrique.<\/p>\n<p>La gesti\u00f3n se estructura mediante tres \u00e1reas: \u00c1rea de Arte, Cultura y Medio Ambiente, \u00c1rea de Administraci\u00f3n y Recursos Humanos, y \u00c1rea de Servicios T\u00e9cnicos y Mantenimiento.<\/p>\n<p>El \u00c1rea de Arte, Cultura y Medio Ambiente organiza su actividad a trav\u00e9s de seis departamentos:<\/p>\n<h1>Departamento de Conservaci\u00f3n y Artes Pl\u00e1sticas<\/h1>\n<div id=\"attachment_272\" class=\"wp-caption alignnone\" style=\"max-width: 610px;\"><a href=\"https:\/\/fcmanrique.org\/wp-content\/uploads\/fundacion-cesar-manrique-departamento-de-conservacion-artes-plasticas.jpg\"><img loading=\"lazy\" decoding=\"async\" class=\"size-full wp-image-272\" src=\"https:\/\/fcmanrique.org\/wp-content\/uploads\/fundacion-cesar-manrique-departamento-de-conservacion-artes-plasticas.jpg\" alt=\"Fundacion C\u00e9sar Manrique. Departamento de Conservaci\u00f3n y Artes Pl\u00e1sticas\" width=\"600\" height=\"401\" srcset=\"https:\/\/fcmanrique.org\/wp-content\/uploads\/fundacion-cesar-manrique-departamento-de-conservacion-artes-plasticas.jpg 600w, https:\/\/fcmanrique.org\/wp-content\/uploads\/fundacion-cesar-manrique-departamento-de-conservacion-artes-plasticas-300x201.jpg 300w\" sizes=\"auto, (max-width: 600px) 100vw, 600px\" \/><\/a><p class=\"wp-caption-text\">Dep\u00f3sito de la FCM<\/p><\/div>\n<p>Se ocupa de los contenidos muse\u00edsticos propios del Museo, de la conservaci\u00f3n y difusi\u00f3n de la obra de C\u00e9sar Manrique, del programa de exposiciones temporales y colabora con otras instituciones en materia de artes pl\u00e1sticas.<br \/>\n&nbsp;<br \/>\n&nbsp;<\/p>\n<h1>Departamento de Territorio y Medio Ambiente<\/h1>\n<div id=\"attachment_279\" class=\"wp-caption alignnone\" style=\"max-width: 610px;\"><img loading=\"lazy\" decoding=\"async\" class=\"size-full wp-image-279\" src=\"https:\/\/fcmanrique.org\/wp-content\/uploads\/fundacion-cesar-manrique-leo-bassi-salvar-geria.jpg\" alt=\"Fundacion C\u00e9sar Manrique. Departamento de Territorio y Medio Ambiente\" width=\"600\" height=\"401\" srcset=\"https:\/\/fcmanrique.org\/wp-content\/uploads\/fundacion-cesar-manrique-leo-bassi-salvar-geria.jpg 600w, https:\/\/fcmanrique.org\/wp-content\/uploads\/fundacion-cesar-manrique-leo-bassi-salvar-geria-300x201.jpg 300w\" sizes=\"auto, (max-width: 600px) 100vw, 600px\" \/><p class=\"wp-caption-text\">Leo Bassi. Campa\u00f1a Salvar La Geria<\/p><\/div>\n<p>Es el departamento encargado de fijar las posiciones p\u00fablicas de la FCM en materia territorial y ambiental. Promueve tambi\u00e9n la actividad educativa de la FCM vinculada a cuestiones ambientales y territoriales.El departamento desarrolla cursos sobre medio ambiente y promueve informes ambientales, dict\u00e1menes jur\u00eddicos y alegaciones. As\u00ed mismo, participa activamente en aquellos foros insulares relacionados con la naturaleza y el territorio.<br \/>\n&nbsp;<br \/>\n&nbsp;<\/p>\n<h1>Departamento de Programas Culturales<\/h1>\n<p>&nbsp;<br \/>\n<img loading=\"lazy\" decoding=\"async\" class=\"alignnone size-full wp-image-276\" src=\"https:\/\/fcmanrique.org\/wp-content\/uploads\/fundacion-cesar-manrique-departamento-programas-culturales.jpg\" alt=\"Fundacion C\u00e9sar Manrique. Departamento de Programas Culturales\" width=\"600\" height=\"401\" srcset=\"https:\/\/fcmanrique.org\/wp-content\/uploads\/fundacion-cesar-manrique-departamento-programas-culturales.jpg 600w, https:\/\/fcmanrique.org\/wp-content\/uploads\/fundacion-cesar-manrique-departamento-programas-culturales-300x201.jpg 300w\" sizes=\"auto, (max-width: 600px) 100vw, 600px\" \/><\/p>\n<p>Se encarga de programar las actividades culturales de la instituci\u00f3n. Organiza ciclos estables de conferencias, seminarios, debates, mesas redondas, talleres y cursos sobre espacio p\u00fablico, paisaje, cultura y pensamiento cr\u00edtico.<br \/>\n&nbsp;<br \/>\n&nbsp;<\/p>\n<h1>Departamento Pedag\u00f3gico<\/h1>\n<div id=\"attachment_277\" class=\"wp-caption alignnone\" style=\"max-width: 610px;\"><img loading=\"lazy\" decoding=\"async\" class=\"size-full wp-image-277\" src=\"https:\/\/fcmanrique.org\/wp-content\/uploads\/fundacion-cesar-manrique-departamento-pedagogico.jpg\" alt=\"Fundacion C\u00e9sar Manrique. Departamento Pedag\u00f3gico\" width=\"600\" height=\"401\" srcset=\"https:\/\/fcmanrique.org\/wp-content\/uploads\/fundacion-cesar-manrique-departamento-pedagogico.jpg 600w, https:\/\/fcmanrique.org\/wp-content\/uploads\/fundacion-cesar-manrique-departamento-pedagogico-300x201.jpg 300w\" sizes=\"auto, (max-width: 600px) 100vw, 600px\" \/><p class=\"wp-caption-text\">Trabajos durante la exposici\u00f3n Washington Barcala<\/p><\/div>\n<p>El Departamento Pedag\u00f3gico se constituye como puente entre las actividades muse\u00edsticas y medioambientales de la FCM y los visitantes del museo. Uno de sus principales objetivos es acercar a la poblaci\u00f3n escolar al arte contempor\u00e1neo, y a la especificidad de sus materiales y lenguajes, as\u00ed como a profundizar en la sensibilidad a trav\u00e9s de la experiencia pl\u00e1stica.Pretende, igualmente, facilitar la labor del profesorado proporcion\u00e1ndole materiales did\u00e1cticos. Propicia el encuentro, la reflexi\u00f3n y el an\u00e1lisis para potenciar y dinamizar un concepto educativo que provoque nuevas conductas sociales en relaci\u00f3n con la naturaleza. Del mismo modo, se centra en difundir la obra y el pensamiento de C\u00e9sar Manrique.<br \/>\n&nbsp;<br \/>\n&nbsp;<\/p>\n<h1>Servicio de Publicaciones<\/h1>\n<p>&nbsp;<br \/>\n<img loading=\"lazy\" decoding=\"async\" class=\"alignnone size-full wp-image-275\" src=\"https:\/\/fcmanrique.org\/wp-content\/uploads\/fundacion-cesar-manrique-publicaciones.jpg\" alt=\"Fundacion C\u00e9sar Manrique. Servicio de Publicaciones\" width=\"600\" height=\"401\" srcset=\"https:\/\/fcmanrique.org\/wp-content\/uploads\/fundacion-cesar-manrique-publicaciones.jpg 600w, https:\/\/fcmanrique.org\/wp-content\/uploads\/fundacion-cesar-manrique-publicaciones-300x201.jpg 300w\" sizes=\"auto, (max-width: 600px) 100vw, 600px\" \/><\/p>\n<p>Fundaci\u00f3n C\u00e9sar Manrique. Servicio de Publicaciones<\/p>\n<p>En consonancia con los objetivos pl\u00e1sticos, medioambientales y culturales de la FCM, el Servicio de Publicaciones desarrolla una pol\u00edtica editorial ligada a las actividades generadas por la propia instituci\u00f3n y a sus objetivos.<\/p>\n<p>Contacto de seguridad del servicio de publicaciones de la instituci\u00f3n: <a href=\"https:\/\/fcmanrique.org\/wp-content\/uploads\/Contacto-FCM-GPSR.txt\" target=\"_blank\" rel=\"noopener\">Contacto FCM GPSR<\/a><br \/>\n&nbsp;<\/p>\n<h1>Departamento de Archivo y Biblioteca<\/h1>\n<div id=\"attachment_278\" class=\"wp-caption alignnone\" style=\"max-width: 610px;\"><img loading=\"lazy\" decoding=\"async\" class=\"size-full wp-image-278\" src=\"https:\/\/fcmanrique.org\/wp-content\/uploads\/fundacion-cesar-manrique-departamento-archivo-biblioteca.jpg\" alt=\"Fundacion C\u00e9sar Manrique. Departamento de Archivo - Biblioteca\" width=\"600\" height=\"401\" srcset=\"https:\/\/fcmanrique.org\/wp-content\/uploads\/fundacion-cesar-manrique-departamento-archivo-biblioteca.jpg 600w, https:\/\/fcmanrique.org\/wp-content\/uploads\/fundacion-cesar-manrique-departamento-archivo-biblioteca-300x201.jpg 300w\" sizes=\"auto, (max-width: 600px) 100vw, 600px\" \/><p class=\"wp-caption-text\">Biblioteca de la FCM<\/p><\/div>\n<p>Este departamento se ocupa de la catalogaci\u00f3n de los fondos bibliogr\u00e1ficos, gr\u00e1ficos y audiovisuales de la instituci\u00f3n. Desarrolla igualmente la pol\u00edtica de adquisiciones de material documental en consonancia con los temas de especializaci\u00f3n propios de la FCM. Adem\u00e1s, mantiene un programa de intercambio de publicaciones con otras bibliotecas, editoriales e instituciones.Asimismo, trabaja en la biblioteca especializada en arte contempor\u00e1neo y medio ambiente, en el centro de documentaci\u00f3n arte-naturaleza-arte p\u00fablico, y en la biblioteca y archivo espec\u00edficos \u201cC\u00e9sar Manrique\u201d.<\/p>\n<\/div>\n<div class=\"seccion-dividida-secundaria\">\n<div class='submenu-secundario'><li><a href='https:\/\/fcmanrique.org\/fr\/la-fundacion\/institucion\/' class='boton inactive'>Institution<\/a><\/li><li><a href='https:\/\/fcmanrique.org\/fr\/la-fundacion\/institucion\/naturaleza-y-objetivos\/' class='boton inactive'>Nature et objectifs<\/a><\/li><li><a href='https:\/\/fcmanrique.org\/fr\/la-fundacion\/institucion\/espacios\/' class='boton inactive'>Espaces<\/a><\/li><\/div>\n<\/div>\n<p>&nbsp;<\/p>","protected":false},"excerpt":{"rendered":"<p>D\u00e9sol\u00e9, cet article est seulement disponible en ES et EN. Departamentos &nbsp; La FCM impulsa sus actuaciones principalmente a partir de proyectos y actividades que se desenvuelven en los campos del arte, del medio ambiente y de la cultura cr\u00edtica. Parte importante de la labor de la instituci\u00f3n se dedica a la conservaci\u00f3n, investigaci\u00f3n y&#8230; <a href=\"https:\/\/fcmanrique.org\/fr\/la-fundacion\/institucion\/departamentos\/\" class=\"readmore\">Contin\u00faa leyendo \u2192<\/a><\/p>\n","protected":false},"author":1,"featured_media":0,"parent":22,"menu_order":2,"comment_status":"closed","ping_status":"closed","template":"","meta":{"_acf_changed":false,"ngg_post_thumbnail":0,"footnotes":""},"class_list":["post-136","page","type-page","status-publish","hentry"],"acf":[],"_links":{"self":[{"href":"https:\/\/fcmanrique.org\/fr\/wp-json\/wp\/v2\/pages\/136","targetHints":{"allow":["GET"]}}],"collection":[{"href":"https:\/\/fcmanrique.org\/fr\/wp-json\/wp\/v2\/pages"}],"about":[{"href":"https:\/\/fcmanrique.org\/fr\/wp-json\/wp\/v2\/types\/page"}],"author":[{"embeddable":true,"href":"https:\/\/fcmanrique.org\/fr\/wp-json\/wp\/v2\/users\/1"}],"replies":[{"embeddable":true,"href":"https:\/\/fcmanrique.org\/fr\/wp-json\/wp\/v2\/comments?post=136"}],"version-history":[{"count":18,"href":"https:\/\/fcmanrique.org\/fr\/wp-json\/wp\/v2\/pages\/136\/revisions"}],"predecessor-version":[{"id":26319,"href":"https:\/\/fcmanrique.org\/fr\/wp-json\/wp\/v2\/pages\/136\/revisions\/26319"}],"up":[{"embeddable":true,"href":"https:\/\/fcmanrique.org\/fr\/wp-json\/wp\/v2\/pages\/22"}],"wp:attachment":[{"href":"https:\/\/fcmanrique.org\/fr\/wp-json\/wp\/v2\/media?parent=136"}],"curies":[{"name":"wp","href":"https:\/\/api.w.org\/{rel}","templated":true}]}}