{"id":138,"date":"2015-09-14T13:37:07","date_gmt":"2015-09-14T13:37:07","guid":{"rendered":"https:\/\/fcmanrique.org\/w2015\/?page_id=138"},"modified":"2016-08-30T12:07:28","modified_gmt":"2016-08-30T12:07:28","slug":"espacios","status":"publish","type":"page","link":"https:\/\/fcmanrique.org\/fr\/la-fundacion\/institucion\/espacios\/","title":{"rendered":"Espaces"},"content":{"rendered":"<p class=\"qtranxs-available-languages-message qtranxs-available-languages-message-fr\">D\u00e9sol\u00e9, cet article est seulement disponible en <a href=\"https:\/\/fcmanrique.org\/es\/wp-json\/wp\/v2\/pages\/138\" class=\"qtranxs-available-language-link qtranxs-available-language-link-es\" title=\"ES\">ES<\/a> et <a href=\"https:\/\/fcmanrique.org\/en\/wp-json\/wp\/v2\/pages\/138\" class=\"qtranxs-available-language-link qtranxs-available-language-link-en\" title=\"EN\">EN<\/a>.<\/p><p><\/p>\n<div class=\"seccion-dividida-principal\">\n<h1>Fundaci\u00f3n C\u00e9sar Manrique (Sede)<\/h1>\n<p>&nbsp;<br \/>\n<img loading=\"lazy\" decoding=\"async\" src=\"https:\/\/fcmanrique.org\/wp-content\/uploads\/fundacion-cesar-manrique-sede.jpg\" alt=\"Fundacion C\u00e9sar Manrique. Sede\" width=\"600\" height=\"402\" class=\"alignnone size-full wp-image-335\" srcset=\"https:\/\/fcmanrique.org\/wp-content\/uploads\/fundacion-cesar-manrique-sede.jpg 600w, https:\/\/fcmanrique.org\/wp-content\/uploads\/fundacion-cesar-manrique-sede-300x201.jpg 300w\" sizes=\"auto, (max-width: 600px) 100vw, 600px\" \/><\/p>\n<p>Las instalaciones que en la actualidad constituyen la sede de la Fundaci\u00f3n C\u00e9sar Manrique est\u00e1n conformadas por la casa del artista -convertida en museo visitable- las dependencias que ocupaba el servicio dom\u00e9stico y los garajes emplazados en Taro de Tah\u00edche. El conjunto del espacio mencionado fue reciclado por el propio C\u00e9sar Manrique para reconvertirlo a su nueva funci\u00f3n de espacio muse\u00edstico e infraestructura administrativa y de servicios.<\/p>\n<p>Las oficinas centrales de la Fundaci\u00f3n C\u00e9sar Manrique se ubican en este espacio, anexas al museo. Ocupan la antigua casa del servicio que atend\u00eda a C\u00e9sar Manrique, acondicionada previamente a la inauguraci\u00f3n de la FCM.<\/p>\n<p>Constan de 340 m\u00b2 y albergan las dependencias de recepci\u00f3n, administraci\u00f3n, biblioteca, presidencia y direcci\u00f3n, adem\u00e1s de los departamentos de Conservaci\u00f3n, Territorio y Medio Ambiente, Cultura, Comunicaci\u00f3n y Pedag\u00f3gico. <\/p>\n<p>El horario de atenci\u00f3n al p\u00fablico es de lunes a viernes, de 8:30 a 15:30 h.<\/p>\n<p>Tel\u00e9fono: +34 928 84 31 38<\/p>\n<p>El \u00e1rea de servicios (bar y tienda) ocupa los antiguos garajes de la casa.<\/p>\n<h1>Casa-Museo C\u00e9sar Manrique Har\u00eda<\/h1>\n<p>&nbsp;<br \/>\n<img loading=\"lazy\" decoding=\"async\" src=\"https:\/\/fcmanrique.org\/wp-content\/uploads\/fundacion-cesar-manrique-casa-haria.jpg\" alt=\"Fundacion C\u00e9sar Manrique. Casa Har\u00eda\" width=\"600\" height=\"401\" class=\"alignnone size-full wp-image-248\" srcset=\"https:\/\/fcmanrique.org\/wp-content\/uploads\/fundacion-cesar-manrique-casa-haria.jpg 600w, https:\/\/fcmanrique.org\/wp-content\/uploads\/fundacion-cesar-manrique-casa-haria-300x201.jpg 300w\" sizes=\"auto, (max-width: 600px) 100vw, 600px\" \/><\/p>\n<p>En 1988, C\u00e9sar Manrique traslad\u00f3 su residencia de Taro de Tah\u00edche a Har\u00eda. Se instal\u00f3 en una vivienda levantada sobre unas ruinas pertenecientes a una casa popular, ubicada en una finca de 11.261 m\u00b2, que el artista acondicion\u00f3 y remodel\u00f3 siguiendo pautas de la arquitectura vern\u00e1cula de la isla. Aprovech\u00f3 algunos muros y materiales, pero fiel a sus comportamientos h\u00edbridos, incorpor\u00f3 tambi\u00e9n alg\u00fan episodio moderno, como el cuarto de ba\u00f1o, que responde a su original concepci\u00f3n de este espacio funcional, ya practicada en Taro de Tah\u00edche.<\/p>\n<p>La casa, de planta cuadrada y rodeada de una amplia huerta con palmeras, constaba originalmente de dos patios interiores, balconada, tres dormitorios, dos ba\u00f1os, dos peque\u00f1as salitas, cocina y sal\u00f3n con chimenea de piedra. Manrique emplea profusamente la piedra y la madera como materiales de referencia.<\/p>\n<p>Tanto la tipolog\u00eda cuanto el espacio y el car\u00e1cter de esta segunda casa de Manrique son bien distintos a los de Taro de Tah\u00edche. M\u00e1s \u00edntima, acogedora y convencional, en medio de un antiguo palmeral, la residencia de Har\u00eda apoya su personalidad en el buen gusto, las alusiones a la arquitectura tradicional y la interacci\u00f3n pac\u00edfica con el entorno hist\u00f3rico y natural, renunciando a la espectacularidad. El artista recicla materiales e integra numerosos objetos descontextualizados, que son mostrados con valor puramente est\u00e9tico.<\/p>\n<p>Asimismo, adosada a la vivienda principal, habilit\u00f3 un apartamento para el servicio. En el a\u00f1o 1992, inici\u00f3 una ampliaci\u00f3n de las instalaciones, que qued\u00f3 inconclusa a su muerte.<\/p>\n<p>En la finca, el artista dispon\u00eda de dos piezas arquitect\u00f3nicas separadas del edificio central, unos garajes y un amplio taller de pintura, semienterrado.<\/p>\n<h1>Residencia Taller<\/h1>\n<p>&nbsp;<br \/>\n<img loading=\"lazy\" decoding=\"async\" src=\"https:\/\/fcmanrique.org\/wp-content\/uploads\/fundacion-cesar-manrique-residencia-taller.jpg\" alt=\"Fundacion C\u00e9sar Manrique. Residencia Taller\" width=\"600\" height=\"401\" class=\"alignnone size-full wp-image-250\" srcset=\"https:\/\/fcmanrique.org\/wp-content\/uploads\/fundacion-cesar-manrique-residencia-taller.jpg 600w, https:\/\/fcmanrique.org\/wp-content\/uploads\/fundacion-cesar-manrique-residencia-taller-300x201.jpg 300w\" sizes=\"auto, (max-width: 600px) 100vw, 600px\" \/><\/p>\n<p>En el marco de la pol\u00edtica de ampliaci\u00f3n de infraestructuras de la instituci\u00f3n, la FCM ha adquirido una finca colindante con su sede, as\u00ed como el edificio en ella existente. Est\u00e1 previsto restaurar la casa, a la que se ha a\u00f1adido un taller aleda\u00f1o de nueva planta. El conjunto servir\u00e1 como base de trabajo para artistas y creadores que participen en el proyecto Artistas en Residencia de la FCM. Asimismo, la infraestructura del taller tendr\u00e1 un uso pedag\u00f3gico y cultural, complementario de las instalaciones que actualmente dispone la FCM.<\/p>\n<p>El taller, obra del estudio de arquitectura Palerm &#038; Tabares de Nava, tiene una superficie de 434 m\u00b2 y se ha dise\u00f1ado cuidadosamente respondiendo a la naturaleza espec\u00edfica del emplazamiento.<\/p>\n<h1>Sala Jos\u00e9 Saramago (Arrecife)<\/h1>\n<p>&nbsp;<br \/>\n<img loading=\"lazy\" decoding=\"async\" src=\"https:\/\/fcmanrique.org\/wp-content\/uploads\/fundacion-cesar-manrique-sala-jose-saramago1.jpg\" alt=\"Fundacion C\u00e9sar Manrique. Sala Jos\u00e9 Saramago\" width=\"600\" height=\"401\" class=\"alignnone size-full wp-image-242\" srcset=\"https:\/\/fcmanrique.org\/wp-content\/uploads\/fundacion-cesar-manrique-sala-jose-saramago1.jpg 600w, https:\/\/fcmanrique.org\/wp-content\/uploads\/fundacion-cesar-manrique-sala-jose-saramago1-300x201.jpg 300w\" sizes=\"auto, (max-width: 600px) 100vw, 600px\" \/><\/p>\n<p>La Sala Jos\u00e9 Saramago est\u00e1 ubicada en la Plaza de la Constituci\u00f3n, de Arrecife, la capital de Lanzarote. Es un edificio proyectado para tener una sala de lectura y de investigaci\u00f3n sobre C\u00e9sar Manrique, as\u00ed como para celebrar actividades culturales y encuentros. <\/p>\n<p>Su superficie es de 250 m\u00b2, y posee climatizadores de temperatura y humedad, as\u00ed como equipamiento de sonido, proyecci\u00f3n e iluminaci\u00f3n.<br \/>\nSu inauguraci\u00f3n coincidi\u00f3 con motivo de la exposici\u00f3n \u201cJos\u00e9 Saramago: la consistencia de los sue\u00f1os\u201d, el 24 de noviembre de 2007 a la que asisti\u00f3, junto al propio Jos\u00e9 Saramago, el ministro de Cultura, C\u00e9sar Antonio Molina.<\/p>\n<p>El dise\u00f1o de la Sala Jos\u00e9 Saramago es del arquitecto Luis D\u00edaz Feria.<\/p>\n<\/div>\n<div class=\"seccion-dividida-secundaria\">\n<div class='submenu-secundario'><li><a href='https:\/\/fcmanrique.org\/fr\/la-fundacion\/institucion\/' class='boton inactive'>Institution<\/a><\/li><li><a href='https:\/\/fcmanrique.org\/fr\/la-fundacion\/institucion\/naturaleza-y-objetivos\/' class='boton inactive'>Nature et objectifs<\/a><\/li><li><a href='https:\/\/fcmanrique.org\/fr\/la-fundacion\/institucion\/departamentos\/' class='boton inactive'>D\u00e9partements<\/a><\/li><\/div>\n<\/div>\n<p>&nbsp;<\/p>","protected":false},"excerpt":{"rendered":"<p>D\u00e9sol\u00e9, cet article est seulement disponible en ES et EN. Fundaci\u00f3n C\u00e9sar Manrique (Sede) &nbsp; Las instalaciones que en la actualidad constituyen la sede de la Fundaci\u00f3n C\u00e9sar Manrique est\u00e1n conformadas por la casa del artista -convertida en museo visitable- las dependencias que ocupaba el servicio dom\u00e9stico y los garajes emplazados en Taro de Tah\u00edche&#8230;. <a href=\"https:\/\/fcmanrique.org\/fr\/la-fundacion\/institucion\/espacios\/\" class=\"readmore\">Contin\u00faa leyendo \u2192<\/a><\/p>\n","protected":false},"author":1,"featured_media":0,"parent":22,"menu_order":3,"comment_status":"closed","ping_status":"closed","template":"","meta":{"_acf_changed":false,"ngg_post_thumbnail":0,"footnotes":""},"class_list":["post-138","page","type-page","status-publish","hentry"],"acf":[],"_links":{"self":[{"href":"https:\/\/fcmanrique.org\/fr\/wp-json\/wp\/v2\/pages\/138","targetHints":{"allow":["GET"]}}],"collection":[{"href":"https:\/\/fcmanrique.org\/fr\/wp-json\/wp\/v2\/pages"}],"about":[{"href":"https:\/\/fcmanrique.org\/fr\/wp-json\/wp\/v2\/types\/page"}],"author":[{"embeddable":true,"href":"https:\/\/fcmanrique.org\/fr\/wp-json\/wp\/v2\/users\/1"}],"replies":[{"embeddable":true,"href":"https:\/\/fcmanrique.org\/fr\/wp-json\/wp\/v2\/comments?post=138"}],"version-history":[{"count":14,"href":"https:\/\/fcmanrique.org\/fr\/wp-json\/wp\/v2\/pages\/138\/revisions"}],"predecessor-version":[{"id":522,"href":"https:\/\/fcmanrique.org\/fr\/wp-json\/wp\/v2\/pages\/138\/revisions\/522"}],"up":[{"embeddable":true,"href":"https:\/\/fcmanrique.org\/fr\/wp-json\/wp\/v2\/pages\/22"}],"wp:attachment":[{"href":"https:\/\/fcmanrique.org\/fr\/wp-json\/wp\/v2\/media?parent=138"}],"curies":[{"name":"wp","href":"https:\/\/api.w.org\/{rel}","templated":true}]}}