{"id":14,"date":"2015-05-27T09:52:57","date_gmt":"2015-05-27T09:52:57","guid":{"rendered":"https:\/\/fcmanrique.org\/w2015\/?page_id=14"},"modified":"2025-01-16T11:41:03","modified_gmt":"2025-01-16T11:41:03","slug":"fundacion-cesar-manrique-tahiche","status":"publish","type":"page","link":"https:\/\/fcmanrique.org\/fr\/casas-museo-visitas\/fundacion-cesar-manrique-tahiche\/","title":{"rendered":"Fondation C\u00e9sar Manrique"},"content":{"rendered":"<p><\/p>\n<h1>Maison du Volcan.<\/h1>\n<h2><em>Fondation C\u00e9sar Manrique.<\/em> Tah\u00edche<\/h2>\n<p>La Fondation C\u00e9sar Manrique est install\u00e9e dans la singuli\u00e8re et spectaculaire maison que C\u00e9sar Manrique projeta \u00e0 son retour de New York, lorsqu&rsquo;il d\u00e9cida de s&rsquo;installer de fa\u00e7on d\u00e9finitive \u00e0 Lanzarote. <strong>Habit\u00e9e par l&rsquo;artiste pendant 20 ans<\/strong>, de 1968 \u00e0 1988, elle constitue la maison dans laquelle il v\u00e9cut le plus longtemps. Elle fut construite au milieu d&rsquo;une coul\u00e9e de lave provoqu\u00e9e par les grandes \u00e9ruptions que connut l&rsquo;\u00eele entre 1730 et 1736. Cette construction, qui s&rsquo;\u00e9tend sur 3 000 m\u00e8tres carr\u00e9s dans une propri\u00e9t\u00e9 de 3 ha, se caract\u00e9rise par le dialogue entre le b\u00e2timent et la nature gr\u00e2ce \u00e0 la fusion entre <strong>le volcan et l&rsquo;architecture<\/strong> dans une relation de respect mutuel.<\/p>\n<p>L&rsquo;\u00e9tage sup\u00e9rieur s&rsquo;inspire de l&rsquo;architecture traditionnelle de Lanzarote \u00e0 laquelle l&rsquo;artiste a incorpor\u00e9 des \u00e9l\u00e9ments fonctionnels de conception moderne (grandes fen\u00eatres, espaces g\u00e9n\u00e9reux, \u00e9clairage z\u00e9nithal, etc.).<\/p>\n<p>Au niveau inf\u00e9rieur, Manrique a profit\u00e9 de l&rsquo;existence de <strong>cinq bulles volcaniques naturelles<\/strong> reli\u00e9es \u00e0 travers des tunnels creus\u00e9s dans la lave. Elles constituent un lieu habitable qui est aussi surprenant que singulier en tant qu&rsquo;intervention sur l&rsquo;espace naturel. On peut \u00e9galement visiter la piscine, la petite piste de danse, le four, le barbecue&#8230; tout cela au milieu d&rsquo;une abondante v\u00e9g\u00e9tation et d&rsquo;un basalte omnipr\u00e9sent. Le dernier espace, en se dirigeant vers la sortie, est l&rsquo;ancien studio du peintre qui a \u00e9t\u00e9 reconverti en salle d&rsquo;exposition de sa peinture.<\/p>\n<p>Les <strong>jardins<\/strong> qui entourent la demeure pr\u00e9sentent des contrastes fascinants entre l&rsquo;inorganique, la noirceur de la lave, la cendre volcanique et les \u00ab socos \u00bb (murs coupe-vent) garnis d&rsquo;arbres fruitiers et d&rsquo;autres plantes.<\/p>\n<p>La visite de cette maison, construite sur une mer de lave, est une exp\u00e9rience <strong>exceptionnelle<\/strong>.<\/p>","protected":false},"excerpt":{"rendered":"<p>Maison du Volcan. Fondation C\u00e9sar Manrique. Tah\u00edche La Fondation C\u00e9sar Manrique est install\u00e9e dans la singuli\u00e8re et spectaculaire maison que C\u00e9sar Manrique projeta \u00e0 son retour de New York, lorsqu&rsquo;il d\u00e9cida de s&rsquo;installer de fa\u00e7on d\u00e9finitive \u00e0 Lanzarote. Habit\u00e9e par l&rsquo;artiste pendant 20 ans, de 1968 \u00e0 1988, elle constitue la maison dans laquelle il&#8230; <a href=\"https:\/\/fcmanrique.org\/fr\/casas-museo-visitas\/fundacion-cesar-manrique-tahiche\/\" class=\"readmore\">Contin\u00faa leyendo \u2192<\/a><\/p>\n","protected":false},"author":1,"featured_media":0,"parent":12,"menu_order":1,"comment_status":"closed","ping_status":"closed","template":"","meta":{"_acf_changed":false,"ngg_post_thumbnail":0,"footnotes":""},"class_list":["post-14","page","type-page","status-publish","hentry"],"acf":[],"_links":{"self":[{"href":"https:\/\/fcmanrique.org\/fr\/wp-json\/wp\/v2\/pages\/14","targetHints":{"allow":["GET"]}}],"collection":[{"href":"https:\/\/fcmanrique.org\/fr\/wp-json\/wp\/v2\/pages"}],"about":[{"href":"https:\/\/fcmanrique.org\/fr\/wp-json\/wp\/v2\/types\/page"}],"author":[{"embeddable":true,"href":"https:\/\/fcmanrique.org\/fr\/wp-json\/wp\/v2\/users\/1"}],"replies":[{"embeddable":true,"href":"https:\/\/fcmanrique.org\/fr\/wp-json\/wp\/v2\/comments?post=14"}],"version-history":[{"count":123,"href":"https:\/\/fcmanrique.org\/fr\/wp-json\/wp\/v2\/pages\/14\/revisions"}],"predecessor-version":[{"id":26344,"href":"https:\/\/fcmanrique.org\/fr\/wp-json\/wp\/v2\/pages\/14\/revisions\/26344"}],"up":[{"embeddable":true,"href":"https:\/\/fcmanrique.org\/fr\/wp-json\/wp\/v2\/pages\/12"}],"wp:attachment":[{"href":"https:\/\/fcmanrique.org\/fr\/wp-json\/wp\/v2\/media?parent=14"}],"curies":[{"name":"wp","href":"https:\/\/api.w.org\/{rel}","templated":true}]}}