{"id":16,"date":"2015-05-27T09:53:19","date_gmt":"2015-05-27T09:53:19","guid":{"rendered":"https:\/\/fcmanrique.org\/w2015\/?page_id=16"},"modified":"2025-01-16T11:39:28","modified_gmt":"2025-01-16T11:39:28","slug":"casa-museo-cesar-manrique-haria","status":"publish","type":"page","link":"https:\/\/fcmanrique.org\/fr\/casas-museo-visitas\/casa-museo-cesar-manrique-haria\/","title":{"rendered":"Maison-Mus\u00e9e C\u00e9sar Manrique Har\u00eda"},"content":{"rendered":"<p><\/p>\n<h1>Maison de la Palmeraie.<\/h1>\n<h2><em>Maison-Mus\u00e9e C\u00e9sar Manrique.<\/em> Har\u00eda<\/h2>\n<p>La Maison-Mus\u00e9e C\u00e9sar Manrique est situ\u00e9e au milieu d&rsquo;une <strong>palmeraie extraordinaire<\/strong> dans le village pittoresque de Har\u00eda (nord de Lanzarote), qui conserve le mode de vie traditionnel de l&rsquo;\u00eele. L&rsquo;artiste a trouv\u00e9 \u00e0 Har\u00eda le <strong>calme et le contact avec la nature<\/strong> qu&rsquo;il appr\u00e9ciait tant.<\/p>\n<p>Manrique commen\u00e7a d\u00e9but 1986 les travaux de construction de sa nouvelle maison en r\u00e9utilisant et en adaptant une maison agricole, en ruine, situ\u00e9e dans une propri\u00e9t\u00e9 agricole qu&rsquo;il avait acquise dans les ann\u00e9es soixante-dix. Il aborda le langage de l&rsquo;architecture traditionnelle en lui appliquant une vision moderne <strong>qui privil\u00e9giait l&rsquo;esth\u00e9tique et le confort<\/strong>. Il v\u00e9cut dans cette maison jusqu&rsquo;\u00e0 sa mort, en 1992. Celle-ci fut ouverte au public en 2013 sous forme de maison-mus\u00e9e. Le parcours de la maison permet au visiteur d&rsquo;admirer les salles et l&rsquo;atelier dans lesquels le peintre travailla et passa les derni\u00e8res ann\u00e9es de sa vie.<\/p>\n<p>Le passage par deux patios permet au visiteur d&rsquo;acc\u00e9der \u00e0 un univers surprenant d&rsquo;<strong>effets personnels<\/strong>, d&rsquo;ustensiles, d&rsquo;objets trouv\u00e9s et d&rsquo;artisanat auxquels Manrique donna une fonction esth\u00e9tique. Un espace qui se caract\u00e9rise par la noblesse des mat\u00e9riaux et par des marques de bon go\u00fbt. L&rsquo;exub\u00e9rante v\u00e9g\u00e9tation ext\u00e9rieure et int\u00e9rieure contribue \u00e0 cr\u00e9er <strong>des ambiances sereines et accueillantes<\/strong>. L&rsquo;atelier, isol\u00e9 de la maison, reconstitue le cadre habituel dans lequel il peignait tous les jours au milieu de pigments, de tables couvertes de dessins, de chevalets et de tableaux inachev\u00e9s qui ont \u00e9t\u00e9 conserv\u00e9s tels que l&rsquo;artiste les laissa au moment de son d\u00e9c\u00e8s.<\/p>\n<p>Le visiteur pourra vivre une exp\u00e9rience unique dans un cadre naturel paisible. Un univers vraiment singulier qui permet d&rsquo;appr\u00e9hender la facette la plus humaine du grand artiste n\u00e9 \u00e0 Lanzarote.<\/p>","protected":false},"excerpt":{"rendered":"<p>Maison de la Palmeraie. Maison-Mus\u00e9e C\u00e9sar Manrique. Har\u00eda La Maison-Mus\u00e9e C\u00e9sar Manrique est situ\u00e9e au milieu d&rsquo;une palmeraie extraordinaire dans le village pittoresque de Har\u00eda (nord de Lanzarote), qui conserve le mode de vie traditionnel de l&rsquo;\u00eele. L&rsquo;artiste a trouv\u00e9 \u00e0 Har\u00eda le calme et le contact avec la nature qu&rsquo;il appr\u00e9ciait tant. Manrique commen\u00e7a&#8230; <a href=\"https:\/\/fcmanrique.org\/fr\/casas-museo-visitas\/casa-museo-cesar-manrique-haria\/\" class=\"readmore\">Contin\u00faa leyendo \u2192<\/a><\/p>\n","protected":false},"author":1,"featured_media":0,"parent":12,"menu_order":0,"comment_status":"closed","ping_status":"closed","template":"","meta":{"_acf_changed":false,"ngg_post_thumbnail":0,"footnotes":""},"class_list":["post-16","page","type-page","status-publish","hentry"],"acf":[],"_links":{"self":[{"href":"https:\/\/fcmanrique.org\/fr\/wp-json\/wp\/v2\/pages\/16","targetHints":{"allow":["GET"]}}],"collection":[{"href":"https:\/\/fcmanrique.org\/fr\/wp-json\/wp\/v2\/pages"}],"about":[{"href":"https:\/\/fcmanrique.org\/fr\/wp-json\/wp\/v2\/types\/page"}],"author":[{"embeddable":true,"href":"https:\/\/fcmanrique.org\/fr\/wp-json\/wp\/v2\/users\/1"}],"replies":[{"embeddable":true,"href":"https:\/\/fcmanrique.org\/fr\/wp-json\/wp\/v2\/comments?post=16"}],"version-history":[{"count":91,"href":"https:\/\/fcmanrique.org\/fr\/wp-json\/wp\/v2\/pages\/16\/revisions"}],"predecessor-version":[{"id":26343,"href":"https:\/\/fcmanrique.org\/fr\/wp-json\/wp\/v2\/pages\/16\/revisions\/26343"}],"up":[{"embeddable":true,"href":"https:\/\/fcmanrique.org\/fr\/wp-json\/wp\/v2\/pages\/12"}],"wp:attachment":[{"href":"https:\/\/fcmanrique.org\/fr\/wp-json\/wp\/v2\/media?parent=16"}],"curies":[{"name":"wp","href":"https:\/\/api.w.org\/{rel}","templated":true}]}}