{"id":17417,"date":"2018-09-13T12:37:41","date_gmt":"2018-09-13T12:37:41","guid":{"rendered":"https:\/\/fcmanrique.org\/cookie-policy\/"},"modified":"2022-05-03T16:47:03","modified_gmt":"2022-05-03T16:47:03","slug":"politica-de-cookies","status":"publish","type":"page","link":"https:\/\/fcmanrique.org\/fr\/politica-de-cookies\/","title":{"rendered":"Cookie Policy"},"content":{"rendered":"<p class=\"qtranxs-available-languages-message qtranxs-available-languages-message-fr\">D\u00e9sol\u00e9, cet article est seulement disponible en <a href=\"https:\/\/fcmanrique.org\/es\/wp-json\/wp\/v2\/pages\/17417\" class=\"qtranxs-available-language-link qtranxs-available-language-link-es\" title=\"ES\">ES<\/a>.<\/p><p><strong>POL\u00cdTICA DE COOKIES<br \/>\nFUNDACI\u00d3N C\u00c9SAR MANRIQUE<\/strong><\/p>\n<table class=\"table-fecha-actualizacion\">\n<tbody>\n<tr>\n<td>Fecha de actualizaci\u00f3n:<\/td>\n<td>27 de abril de 2022<\/td>\n<\/tr>\n<\/tbody>\n<\/table>\n<p>A continuaci\u00f3n, se muestra la <strong>pol\u00edtica de privacidad<\/strong> (en adelante, <em><strong>\u201cpol\u00edtica de privacidad web\u201d<\/strong><\/em> o <em><strong>\u201cpol\u00edtica\u201d<\/strong><\/em>) que rige la Plataforma Web <a href=\"http:\/\/fcmanrique.org\/\">http:\/\/fcmanrique.org\/<\/a> (en adelante,<em><strong> \u201cla Plataforma\u201d<\/strong><\/em>), bajo la titularidad de <strong>FUNDACI\u00d3N C\u00c9SAR MANRIQUE<\/strong> (en lo sucesivo, \u201cla FUNDACI\u00d3N\u201d o <em><strong>\u201cnosotros\u201d<\/strong><\/em>), entidad con CIF G35243211, inscrita en el registro de Fundaciones del Ministerio de Cultura por Orden ministerial del 30 de Septiembre de 1983 siendo el n\u00famero de registro asignado el 60 y con domicilio en Calle Jorge Luis Borges, 16, 35507 \u2013 Tahiche, Teguise, Lanzarote, y direcci\u00f3n de correo electr\u00f3nico de contacto a efectos de la presente pol\u00edtica de privacidad y de cookies en: <a href=\"mailto:protecciondatos@fcmanrique.org\">protecciondatos@fcmanrique.org<\/a><\/p>\n<p>El objetivo de esta <strong>Pol\u00edtica de cookies<\/strong> es ayudarte a comprender el uso que hacemos en esta plataforma web de las cookies, sus tipos, finalidad y duraci\u00f3n de las mismas, e indicarte las opciones que tienes para configurar, administrar o rechazar las mismas.<\/p>\n<p><strong>POR FAVOR, DEDICA UNOS MINUTOS A LEER NUESTRA POL\u00cdTICA DE COOKIES, NO TE LLEVAR\u00c1 MUCHO TIEMPO. CON ELLA QUEREMOS EXPLICARTE DE FORMA SENCILLA, CLARA Y TRANSPARENTE C\u00d3MO TRATAMOS Y PROTEGEMOS TU INFORMACI\u00d3N PERSONAL Y TUS DERECHOS. TU SEGURIDAD Y LA DE TUS DATOS PERSONALES ES FUNDAMENTAL PARA NOSOTROS Y NOS TOMAMOS MUY EN SERIO SU ADECUADA PROTECCI\u00d3N.<\/strong><br \/>\n<strong>TAMBI\u00c9N TE RECOMENDAMOS LEER ATENTAMENTE NUESTRA POL\u00cdTICA DE PRIVACIDAD.<\/strong><\/p>\n<p><strong>\u00bfQU\u00c9 SON LAS COOKIES?<\/strong><\/p>\n<p>Las cookies son peque\u00f1os archivos o dispositivos que se descargan y almacenan en tu terminal (es decir, el dispositivo desde el que accedes a la Plataforma: ordenador, Tel\u00e9fono m\u00f3vil, Tablet o cualquier otro dispositivo conectado\u2026) y permiten que la Plataforma o sitio web recuerde informaci\u00f3n sobre tu visita.<\/p>\n<p>Con car\u00e1cter general, y tal y como recoge la Gu\u00eda de Cookies publicada por la Agencia Espa\u00f1ola de Protecci\u00f3n de Datos (AEPD) que puede consultar aqu\u00ed, las cookies pueden ser de varios tipos:<\/p>\n<p><strong>Seg\u00fan quien sea la entidad que gestione el equipo o dominio desde donde se env\u00edan las cookies y trate los datos que se obtengan, podemos distinguir: <\/strong><\/p>\n<p><strong>Cookies propias:<\/strong> <em>Son aqu\u00e9llas que se env\u00edan al equipo terminal del usuario desde un equipo o dominio gestionado por el editor de la plataforma, en este caso la Fundaci\u00f3n, desde el que se presta el servicio solicitado por el usuario.<\/em><\/p>\n<p><strong>Cookies de terceros:<\/strong> <em>Son aqu\u00e9llas que se env\u00edan al equipo terminal del usuario desde un equipo o dominio que no es gestionado por el editor de la Plataforma, sino por otra entidad que trata los datos obtenidos a trav\u00e9s de las cookies. En el caso de que las cookies sean instaladas desde un equipo o dominio gestionado por la Fundaci\u00f3n, pero, sin embargo, la informaci\u00f3n que se recoja mediante \u00e9stas sea gestionada por un tercero, no pueden ser consideradas como cookies propias de la Fundaci\u00f3n. En tal sentido, la Fundaci\u00f3n puede contratar los servicios de empresas de an\u00e1lisis y medici\u00f3n que miden y\/o analizan el comportamiento de la navegaci\u00f3n de los usuarios en la plataforma y, en tal sentido, act\u00faan en su nombre y representaci\u00f3n, a trav\u00e9s del an\u00e1lisis de los datos obtenidos con la utilizaci\u00f3n de las cookies de estos terceros, todo ello, con el \u00fanico objetivo de mejorar el servicio que presta la Fundaci\u00f3n.<\/em><\/p>\n<p><strong>Seg\u00fan la finalidad para la que se traten los datos obtenidos a trav\u00e9s de las cookies, podemos distinguir entre:<\/strong><\/p>\n<p><strong>Cookies t\u00e9cnicas:<\/strong> <em>Son aqu\u00e9llas que permiten al usuario la navegaci\u00f3n a trav\u00e9s de la plataforma y la utilizaci\u00f3n de las diferentes opciones o servicios que en ella existan como, por ejemplo, controlar el tr\u00e1fico y la comunicaci\u00f3n de datos, identificar la sesi\u00f3n, acceder a informaci\u00f3n de acceso restringido, recordar los elementos que integran una solicitud, realizar la solicitud de inscripci\u00f3n o participaci\u00f3n en un evento, utilizar elementos de seguridad durante la navegaci\u00f3n, almacenar contenidos para la difusi\u00f3n de videos o sonido o compartir contenidos a trav\u00e9s de redes sociales.<\/em><\/p>\n<p><strong>Cookies funcionales o de personalizaci\u00f3n:<\/strong> <em>Son aqu\u00e9llas que permiten al usuario acceder al servicio con algunas caracter\u00edsticas de car\u00e1cter general predefinidas en funci\u00f3n de una serie de criterios en el terminal del usuario como, por ejemplo, el idioma, el tipo de navegador a trav\u00e9s del cual accede al servicio, o la configuraci\u00f3n regional desde donde accede al servicio, entre otras.<\/em><\/p>\n<p><strong>Cookies de an\u00e1lisis:<\/strong> <em>Son aqu\u00e9llas que permiten al responsable de las mismas, el seguimiento y an\u00e1lisis del comportamiento de los usuarios de los sitios web a los que est\u00e1n vinculadas. La informaci\u00f3n recogida mediante este tipo de cookies se utiliza en la medici\u00f3n de la actividad en la plataforma y para la elaboraci\u00f3n de perfiles de navegaci\u00f3n de los usuarios de dichos sitios, aplicaciones y plataformas, con el fin de introducir mejoras en funci\u00f3n del an\u00e1lisis de los datos de uso que hacen los usuarios del servicio.<\/em><\/p>\n<p><strong>Cookies publicitarias:<\/strong> <em>Son aqu\u00e9llas que permiten la gesti\u00f3n, de la forma m\u00e1s eficaz posible, de los espacios publicitarios que, en su caso, el editor haya incluido en una p\u00e1gina web, aplicaci\u00f3n o plataforma desde la que presta el servicio solicitado en base a criterios como el contenido editado o la frecuencia en la que se muestran los anuncios.<\/em><\/p>\n<p><strong> Cookies de publicidad comportamental:<\/strong> <em>Son aqu\u00e9llas que permiten la gesti\u00f3n, de la forma m\u00e1s eficaz posible, de los espacios publicitarios que, en su caso, el editor haya incluido en una p\u00e1gina web, aplicaci\u00f3n o plataforma desde la que presta el servicio solicitado. Estas cookies almacenan informaci\u00f3n del comportamiento de los usuarios obtenida a trav\u00e9s de la observaci\u00f3n continuada de sus h\u00e1bitos de navegaci\u00f3n, lo que permite desarrollar un perfil espec\u00edfico para mostrar publicidad en funci\u00f3n del mismo.&nbsp;<\/em><\/p>\n<p><strong>Seg\u00fan el plazo de tiempo que permanecen activadas en el equipo terminal (temporalidad) podemos distinguir:<\/strong><\/p>\n<p><strong>Cookies de sesi\u00f3n:<\/strong> <em>Cookies dise\u00f1adas para recabar y almacenar datos mientras el usuario accede a la plataforma. Las cookies de sesi\u00f3n permiten que un sitio web reconozca al usuario.<\/em><\/p>\n<p><strong>Cookies persistentes:<\/strong> <em>Cookies en el que los datos siguen almacenados en el terminal y pueden ser accedidos y tratados durante un per\u00edodo definido por el responsable de la cookie, y que puede ir de unos minutos a varios a\u00f1os.<\/em><\/p>\n<p><strong>\u00bfQU\u00c9 COOKIES UTILIZA ESTA PLATAFORMA?<br \/>\n<\/strong><br \/>\nEsta Plataforma utiliza cookies para optimizar y facilitar la navegaci\u00f3n del usuario y analizar el tr\u00e1fico de la web.<\/p>\n<p>Algunas de las cookies usadas son necesarias para permitir la navegaci\u00f3n en la Plataforma y no requieren el consentimiento el usuario, otras no afectan a la funcionalidad de la web y el usuario podr\u00e1 aceptarlas, configurarlas o rechazarlas tal y como se indica en el apartado \u201c3. Gesti\u00f3n y configuraci\u00f3n de las Cookies\u201d. A continuaci\u00f3n, se identifican las cookies que est\u00e1n siendo utilizadas en esta Plataforma y sus caracter\u00edsticas:<\/p>\n<p>&nbsp;<\/p>\n<table width=\"0\">\n<thead>\n<tr>\n<td width=\"15%\">Cookie<\/td>\n<td width=\"40%\">Tipo de Cookie<\/td>\n<td width=\"15%\">Finalidad<\/td>\n<td width=\"15%\">Gesti\u00f3n<\/td>\n<td width=\"15%\">Temporalidad<\/td>\n<\/tr>\n<\/thead>\n<tbody>\n<tr>\n<td width=\"15%\">catAccCookies<\/td>\n<td width=\"40%\">T\u00e9cnica<\/td>\n<td width=\"15%\">Se usa para determinar si el visitante permite que se registre su acceso a la web.<\/td>\n<td width=\"15%\">Propia<\/td>\n<td width=\"15%\">1 mes<\/td>\n<\/tr>\n<tr>\n<td width=\"15%\">qtrans_front_language<\/td>\n<td width=\"40%\">T\u00e9cnica<\/td>\n<td width=\"15%\">Se usa para determinar el idioma del visitante en la web<\/td>\n<td width=\"15%\">Propia<\/td>\n<td width=\"15%\">1 a\u00f1o<\/td>\n<\/tr>\n<\/tbody>\n<\/table>\n<p>Puede impedir que Google Analytics recopile y utilice datos (cookies y direcci\u00f3n IP) descargando e instalando el complemento Google Analytics Opt-out Browser Add-on: <a href=\"https:\/\/support.google.com\/analytics\/answer\/181881?hl=es\" target=\"_blank\" rel=\"noopener\">https:\/\/support.google.com\/analytics\/answer\/181881?hl=es<\/a><\/p>\n<p><strong>GESTI\u00d3N Y CONFIGURACI\u00d3N DE LAS COOKIES. <\/strong><\/p>\n<p>Puede obtener m\u00e1s informaci\u00f3n sobre c\u00f3mo puedes llevar a cabo la gesti\u00f3n y desactivaci\u00f3n de las cookies utilizadas en la plataforma a trav\u00e9s de las diferentes opciones que ofrecen los navegadores m\u00e1s comunes:<\/p>\n<p><a href=\"https:\/\/support.google.com\/chrome\/answer\/95647?co=GENIE.Platform%3DDesktop&amp;hl=es\" target=\"_blank\" rel=\"noopener\">Google Chrome<\/a><br \/>\n<a href=\"https:\/\/support.mozilla.org\/es\/kb\/impedir-que-los-sitios-web-guarden-sus-preferencia\" target=\"_blank\" rel=\"noopener\">Mozilla Firefox<\/a><br \/>\n<a href=\"https:\/\/support.microsoft.com\/es-es\/windows\/eliminar-y-administrar-cookies-168dab11-0753-043d-7c16-ede5947fc64d\" target=\"_blank\" rel=\"noopener\">Microsoft Internet Explorer<\/a><br \/>\n<a href=\"https:\/\/support.apple.com\/es-es\/HT201265\" target=\"_blank\" rel=\"noopener\">Safari<\/a><\/p>\n<p>Adem\u00e1s, tambi\u00e9n puede gestionar el almac\u00e9n de cookies en su navegador a trav\u00e9s de herramientas como las siguientes:<br \/>\nGhostery: <a href=\"http:\/\/www.ghostery.com\" target=\"_blank\" rel=\"noopener\">www.ghostery.com<\/a><br \/>\nYour online choices:&nbsp;<a href=\"http:\/\/www.youronlinechoices.com\/es\/\" target=\"_blank\" rel=\"noopener\">www.youronlinechoices.com\/es\/<\/a><\/p>\n<p><strong>ACTUALIZACIONES Y CAMBIOS EN LA POL\u00cdTICA DE COOKIES <\/strong><\/p>\n<p>Esta Pol\u00edtica de Cookies puede ser modificada en funci\u00f3n de exigencias legislativas, reglamentarias o con la finalidad de adaptar dicha pol\u00edtica a las instrucciones dictadas por la Agencia Espa\u00f1ola de Protecci\u00f3n de Datos (AEPD), por ello se aconseja a los usuarios que la visiten peri\u00f3dicamente. <\/p>","protected":false},"excerpt":{"rendered":"<p>D\u00e9sol\u00e9, cet article est seulement disponible en ES.POL\u00cdTICA DE COOKIES FUNDACI\u00d3N C\u00c9SAR MANRIQUE Fecha de actualizaci\u00f3n: 27 de abril de 2022 A continuaci\u00f3n, se muestra la pol\u00edtica de privacidad (en adelante, \u201cpol\u00edtica de privacidad web\u201d o \u201cpol\u00edtica\u201d) que rige la Plataforma Web http:\/\/fcmanrique.org\/ (en adelante, \u201cla Plataforma\u201d), bajo la titularidad de FUNDACI\u00d3N C\u00c9SAR MANRIQUE (en&#8230; <a href=\"https:\/\/fcmanrique.org\/fr\/politica-de-cookies\/\" class=\"readmore\">Contin\u00faa leyendo \u2192<\/a><\/p>\n","protected":false},"author":1,"featured_media":0,"parent":0,"menu_order":0,"comment_status":"closed","ping_status":"closed","template":"","meta":{"_acf_changed":false,"ngg_post_thumbnail":0,"footnotes":""},"class_list":["post-17417","page","type-page","status-publish","hentry"],"acf":[],"_links":{"self":[{"href":"https:\/\/fcmanrique.org\/fr\/wp-json\/wp\/v2\/pages\/17417","targetHints":{"allow":["GET"]}}],"collection":[{"href":"https:\/\/fcmanrique.org\/fr\/wp-json\/wp\/v2\/pages"}],"about":[{"href":"https:\/\/fcmanrique.org\/fr\/wp-json\/wp\/v2\/types\/page"}],"author":[{"embeddable":true,"href":"https:\/\/fcmanrique.org\/fr\/wp-json\/wp\/v2\/users\/1"}],"replies":[{"embeddable":true,"href":"https:\/\/fcmanrique.org\/fr\/wp-json\/wp\/v2\/comments?post=17417"}],"version-history":[{"count":16,"href":"https:\/\/fcmanrique.org\/fr\/wp-json\/wp\/v2\/pages\/17417\/revisions"}],"predecessor-version":[{"id":22641,"href":"https:\/\/fcmanrique.org\/fr\/wp-json\/wp\/v2\/pages\/17417\/revisions\/22641"}],"wp:attachment":[{"href":"https:\/\/fcmanrique.org\/fr\/wp-json\/wp\/v2\/media?parent=17417"}],"curies":[{"name":"wp","href":"https:\/\/api.w.org\/{rel}","templated":true}]}}