{"id":22,"date":"2015-05-29T13:21:37","date_gmt":"2015-05-29T13:21:37","guid":{"rendered":"https:\/\/fcmanrique.org\/w2015\/?page_id=22"},"modified":"2018-02-09T20:36:45","modified_gmt":"2018-02-09T20:36:45","slug":"institucion","status":"publish","type":"page","link":"https:\/\/fcmanrique.org\/fr\/la-fundacion\/institucion\/","title":{"rendered":"Institution"},"content":{"rendered":"<p><\/p>\n<div class=\"seccion-dividida-principal\">\n<h1>Institution<\/h1>\n<p>La Fondation C\u00e9sar Manrique (FCM) fut constitu\u00e9e en 1983 par C\u00e9sar Manrique et commen\u00e7a ses activit\u00e9s en 1990. Elle a \u00e9tabli son si\u00e8ge dans l&rsquo;ancienne demeure de l&rsquo;artiste \u00e0 Taro de Tah\u00edche, \u00e0 Lanzarote.<\/p>\n<p>La FCM est une institution culturelle priv\u00e9e sans but lucratif, qui exerce ses activit\u00e9s dans quatre orientations compl\u00e9mentaires : C\u00e9sar Manrique, les arts plastiques, l&rsquo;environnement et le territoire, et la r\u00e9flexion culturelle. <\/p>\n<p>Les objectifs de l&rsquo;activit\u00e9 de la FCM, qui sont repris dans son acte de constitution, sont les suivants : conserver, \u00e9tudier et diffuser l&rsquo;\u0153uvre et l&rsquo;h\u00e9ritage artistique de C\u00e9sar Manrique ; promouvoir des expositions, des \u00e9tudes et des initiatives ayant trait aux relations entre l&rsquo;art et la nature ; d\u00e9velopper des activit\u00e9s qui favorisent aussi bien la conservation du milieu naturel que sa transformation durable et l&rsquo;am\u00e9nagement du territoire, en particulier \u00e0 Lanzarote et aux Canaries ; et promouvoir l&rsquo;activit\u00e9 intellectuelle et cr\u00e9ative ainsi que la pens\u00e9e critique.<\/p>\n<\/div>\n<div class=\"seccion-dividida-secundaria\">\n<div class='submenu-secundario'><li><a href='https:\/\/fcmanrique.org\/fr\/la-fundacion\/institucion\/espacios\/' class='boton inactive'>Espaces<\/a><\/li><li><a href='https:\/\/fcmanrique.org\/fr\/la-fundacion\/institucion\/departamentos\/' class='boton inactive'>D\u00e9partements<\/a><\/li><li><a href='https:\/\/fcmanrique.org\/fr\/la-fundacion\/institucion\/naturaleza-y-objetivos\/' class='boton inactive'>Nature et objectifs<\/a><\/li><\/div>\n<\/div>\n<p>&nbsp;<\/p>","protected":false},"excerpt":{"rendered":"<p>Institution La Fondation C\u00e9sar Manrique (FCM) fut constitu\u00e9e en 1983 par C\u00e9sar Manrique et commen\u00e7a ses activit\u00e9s en 1990. Elle a \u00e9tabli son si\u00e8ge dans l&rsquo;ancienne demeure de l&rsquo;artiste \u00e0 Taro de Tah\u00edche, \u00e0 Lanzarote. La FCM est une institution culturelle priv\u00e9e sans but lucratif, qui exerce ses activit\u00e9s dans quatre orientations compl\u00e9mentaires : C\u00e9sar&#8230; <a href=\"https:\/\/fcmanrique.org\/fr\/la-fundacion\/institucion\/\" class=\"readmore\">Contin\u00faa leyendo \u2192<\/a><\/p>\n","protected":false},"author":1,"featured_media":0,"parent":20,"menu_order":1,"comment_status":"closed","ping_status":"closed","template":"","meta":{"_acf_changed":false,"ngg_post_thumbnail":0,"footnotes":""},"class_list":["post-22","page","type-page","status-publish","hentry"],"acf":[],"_links":{"self":[{"href":"https:\/\/fcmanrique.org\/fr\/wp-json\/wp\/v2\/pages\/22","targetHints":{"allow":["GET"]}}],"collection":[{"href":"https:\/\/fcmanrique.org\/fr\/wp-json\/wp\/v2\/pages"}],"about":[{"href":"https:\/\/fcmanrique.org\/fr\/wp-json\/wp\/v2\/types\/page"}],"author":[{"embeddable":true,"href":"https:\/\/fcmanrique.org\/fr\/wp-json\/wp\/v2\/users\/1"}],"replies":[{"embeddable":true,"href":"https:\/\/fcmanrique.org\/fr\/wp-json\/wp\/v2\/comments?post=22"}],"version-history":[{"count":18,"href":"https:\/\/fcmanrique.org\/fr\/wp-json\/wp\/v2\/pages\/22\/revisions"}],"predecessor-version":[{"id":633,"href":"https:\/\/fcmanrique.org\/fr\/wp-json\/wp\/v2\/pages\/22\/revisions\/633"}],"up":[{"embeddable":true,"href":"https:\/\/fcmanrique.org\/fr\/wp-json\/wp\/v2\/pages\/20"}],"wp:attachment":[{"href":"https:\/\/fcmanrique.org\/fr\/wp-json\/wp\/v2\/media?parent=22"}],"curies":[{"name":"wp","href":"https:\/\/api.w.org\/{rel}","templated":true}]}}