{"id":24,"date":"2015-05-29T13:21:53","date_gmt":"2015-05-29T13:21:53","guid":{"rendered":"https:\/\/fcmanrique.org\/w2015\/?page_id=24"},"modified":"2018-02-09T20:36:34","modified_gmt":"2018-02-09T20:36:34","slug":"museo","status":"publish","type":"page","link":"https:\/\/fcmanrique.org\/fr\/la-fundacion\/museo\/","title":{"rendered":"Mus\u00e9es"},"content":{"rendered":"<p class=\"qtranxs-available-languages-message qtranxs-available-languages-message-fr\">D\u00e9sol\u00e9, cet article est seulement disponible en <a href=\"https:\/\/fcmanrique.org\/es\/wp-json\/wp\/v2\/pages\/24\" class=\"qtranxs-available-language-link qtranxs-available-language-link-es\" title=\"ES\">ES<\/a> et <a href=\"https:\/\/fcmanrique.org\/en\/wp-json\/wp\/v2\/pages\/24\" class=\"qtranxs-available-language-link qtranxs-available-language-link-en\" title=\"EN\">EN<\/a>.<\/p><p><\/p>\n<div class=\"seccion-dividida-principal\">\n<h1>Museos<\/h1>\n<p>&nbsp;<br \/>\n<strong>Fundaci\u00f3n C\u00e9sar Manrique<\/strong><br \/>\nHay que indicar en primer lugar la significaci\u00f3n art\u00edstica del edificio en s\u00ed, con un valor relevante dentro del conjunto de las obras de Manrique, por cuanto aglutina las caracter\u00edsticas esenciales de su propuesta integradora ARTE-NATURALEZA \/ NATURALEZA-ARTE.<\/p>\n<p>La casa est\u00e1 edificada en una finca de 30.000 m\u00b2, que se extiende sobre una colada l\u00e1vica de las erupciones volc\u00e1nicas ocurridas en la isla de Lanzarote entre 1730 y 1736. C\u00e9sar Manrique escogi\u00f3 el terreno a su regreso de Nueva York, cuando decide instalarse definitivamente en Lanzarote. En 1968 comienza a construir esta arquitectura dom\u00e9stica. El edificio, levantado sobre cinco burbujas volc\u00e1nicas naturales de gran tama\u00f1o, tiene, en sus dos niveles, 1.800 m\u00b2 de superficie habitable, a los que hay que a\u00f1adir 1.200 m\u00b2 de terrazas y jardines, y 2.900 m\u00b2 de aparcamientos.<\/p>\n<p>La planta superior est\u00e1 inspirada en la arquitectura tradicional de Lanzarote a la que se incorporan elementos funcionales de concepci\u00f3n moderna (amplias cristaleras, generosos espacios, etc.). En este nivel se localizaban las siguientes dependencias dom\u00e9sticas: el sal\u00f3n, la cocina, un cuarto de estar (sala Espacios), una habitaci\u00f3n de invitados, su dormitorio (sala Bocetos) y un cuarto de ba\u00f1o en el que se integra abundante vegetaci\u00f3n.<\/p>\n<p>El nivel subterr\u00e1neo aprovecha cinco burbujas volc\u00e1nicas naturales, que fueron comunicadas por C\u00e9sar Manrique a trav\u00e9s de peque\u00f1os pasillos horadados en el basalto de la colada l\u00e1vica y acondicionadas para ser habitadas. Adem\u00e1s, en el jameo central puede visitarse una amplia zona de descanso (piscina, peque\u00f1a pista de baile, horno, barbacoa\u2026) con abundante vegetaci\u00f3n. El \u00faltimo espacio, ya a la salida, est\u00e1 constituido por el antiguo estudio del pintor, que fue ampliado con la inauguraci\u00f3n de la Fundaci\u00f3n, al remodelarse el edificio. En la actualidad se expone en esa sala la pintura de C\u00e9sar Manrique o alguna de las exposiciones temporales que organiza la FCM.<\/p>\n<p>Desde el punto de vista art\u00edstico, dos son las caracter\u00edsticas fundamentales de Taro de Tah\u00edche: la arm\u00f3nica s\u00edntesis entre una concepci\u00f3n moderna del espacio arquitect\u00f3nico y la tradici\u00f3n de la arquitectura popular lanzarote\u00f1a; y el di\u00e1logo entre el edificio y la naturaleza, en una relaci\u00f3n de comunicaci\u00f3n y respeto permanente. La sede de la Fundaci\u00f3n constituye en s\u00ed misma, por su belleza, originalidad y emblem\u00e1tico, un patrimonio fundamental de la propia instituci\u00f3n.<\/p>\n<p>Hoy la funci\u00f3n b\u00e1sica del edificio es la de museo. Las transformaciones que ha sufrido, dirigidas en su pr\u00e1ctica totalidad por el propio C\u00e9sar Manrique, han estado encaminadas a reciclar el edificio para su nueva finalidad de espacio muse\u00edstico, susceptible de ser visitado.<\/p>\n<p>La estructura de la construcci\u00f3n se mantiene en su estado original. Las modificaciones sufridas afectan a la \u201climpieza\u201d de las paredes y de los espacios interiores para colgar obras pict\u00f3ricas y colocar esculturas; a permitir la comunicaci\u00f3n entre los dos niveles, que desde marzo de 1992 se hace por una terraza  exterior a trav\u00e9s de una escalera de basalto, con el prop\u00f3sito de establecer un circuito que facilite la visita al museo; y a la ampliaci\u00f3n del antiguo estudio del artista, en orden a disponer de una sala en la que se expusiera una selecci\u00f3n de su pintura. El jard\u00edn exterior y el mural fueron ejecutados por C\u00e9sar Manrique entre finales de 1991 y comienzos de 1992, y todas las modificaciones fueron propuestas y supervisadas por el artista.<\/p>\n<p>El museo acoge la colecci\u00f3n de arte contempor\u00e1neo de la Fundaci\u00f3n, que perteneci\u00f3 a su fundador; tres salas dedicadas a C\u00e9sar Manrique: obra p\u00fablica (Espacios); apuntes de sus murales, dise\u00f1os, esculturas m\u00f3viles y cer\u00e1micas (Bocetos); y, a la salida, una amplia selecci\u00f3n de su producci\u00f3n pict\u00f3rica (Colecci\u00f3n Manrique).<\/p>\n<p><strong>Casa-Museo C\u00e9sar Manrique. Har\u00eda<\/strong><\/p>\n<p>Ubicada en un palmeral extraordinario, la Casa-Museo C\u00e9sar Manrique representa el ejemplo m\u00e1s valioso de actuaci\u00f3n del artista en una construcci\u00f3n dom\u00e9stica vinculada a la arquitectura rural de Lanzarote, cuyos valores originales interpreta y recrea, a partir de una vivienda en ruinas preexistente. Una intervenci\u00f3n con criterios modernos que exalta la arquitectura tradicional local adem\u00e1s de la integraci\u00f3n en la naturaleza.<\/p>\n<p>La Casa-Museo muestra el entorno dom\u00e9stico en el que C\u00e9sar Manrique desenvolv\u00eda su vida diaria, as\u00ed como las dependencias del taller en el que pintaba, mostrando la faceta m\u00e1s humana y personal del artista a trav\u00e9s del mobiliario, los objetos, los cuadros y los enseres en general de que se rode\u00f3 los \u00faltimos a\u00f1os de su vida. Bienes varios que, en su conjunto,  constituyen una prolongaci\u00f3n de la forma de habitar del artista y de su personalidad creativa.<\/p>\n<p>En el interior se perciben ins\u00f3litos detalles constructivos y decorativos, y la abundante vegetaci\u00f3n caracter\u00edstica de sus viviendas. El visitante podr\u00e1 disfrutar de la ambientaci\u00f3n original de la casa, obras de arte y objetos de naturaleza variada, algunos funcionales como mesas o l\u00e1mparas dise\u00f1ados por el propio C\u00e9sar Manrique, que fue rescatando y coleccionando a lo largo de los a\u00f1os, pudiendo acceder al entorno dom\u00e9stico y al lado m\u00e1s humano del artista. <\/p>\n<p>El taller, aislado de la vivienda y semioculto en un extremo de la finca, se muestra el ambiente donde pintaba diariamente Manrique, rodeado de caballetes, pigmentos, mesas con dibujos\u2026 tal y como qued\u00f3 tras la muerte del pintor (1992)<\/p>\n<\/div>\n<div class=\"seccion-dividida-secundaria\">\n<div class='submenu-secundario'><li><a href='https:\/\/fcmanrique.org\/fr\/la-fundacion\/museo\/colecciones\/' class='boton inactive'>Collections<\/a><\/li><\/div>\n<\/div>\n<p>&nbsp;<\/p>","protected":false},"excerpt":{"rendered":"<p>D\u00e9sol\u00e9, cet article est seulement disponible en ES et EN. Museos &nbsp; Fundaci\u00f3n C\u00e9sar Manrique Hay que indicar en primer lugar la significaci\u00f3n art\u00edstica del edificio en s\u00ed, con un valor relevante dentro del conjunto de las obras de Manrique, por cuanto aglutina las caracter\u00edsticas esenciales de su propuesta integradora ARTE-NATURALEZA \/ NATURALEZA-ARTE. La casa&#8230; <a href=\"https:\/\/fcmanrique.org\/fr\/la-fundacion\/museo\/\" class=\"readmore\">Contin\u00faa leyendo \u2192<\/a><\/p>\n","protected":false},"author":1,"featured_media":0,"parent":20,"menu_order":2,"comment_status":"closed","ping_status":"closed","template":"","meta":{"_acf_changed":false,"ngg_post_thumbnail":0,"footnotes":""},"class_list":["post-24","page","type-page","status-publish","hentry"],"acf":[],"_links":{"self":[{"href":"https:\/\/fcmanrique.org\/fr\/wp-json\/wp\/v2\/pages\/24","targetHints":{"allow":["GET"]}}],"collection":[{"href":"https:\/\/fcmanrique.org\/fr\/wp-json\/wp\/v2\/pages"}],"about":[{"href":"https:\/\/fcmanrique.org\/fr\/wp-json\/wp\/v2\/types\/page"}],"author":[{"embeddable":true,"href":"https:\/\/fcmanrique.org\/fr\/wp-json\/wp\/v2\/users\/1"}],"replies":[{"embeddable":true,"href":"https:\/\/fcmanrique.org\/fr\/wp-json\/wp\/v2\/comments?post=24"}],"version-history":[{"count":7,"href":"https:\/\/fcmanrique.org\/fr\/wp-json\/wp\/v2\/pages\/24\/revisions"}],"predecessor-version":[{"id":546,"href":"https:\/\/fcmanrique.org\/fr\/wp-json\/wp\/v2\/pages\/24\/revisions\/546"}],"up":[{"embeddable":true,"href":"https:\/\/fcmanrique.org\/fr\/wp-json\/wp\/v2\/pages\/20"}],"wp:attachment":[{"href":"https:\/\/fcmanrique.org\/fr\/wp-json\/wp\/v2\/media?parent=24"}],"curies":[{"name":"wp","href":"https:\/\/api.w.org\/{rel}","templated":true}]}}