{"id":45,"date":"2015-06-04T13:43:53","date_gmt":"2015-06-04T13:43:53","guid":{"rendered":"https:\/\/fcmanrique.org\/w2015\/?page_id=45"},"modified":"2023-10-25T10:20:02","modified_gmt":"2023-10-25T10:20:02","slug":"activismo","status":"publish","type":"page","link":"https:\/\/fcmanrique.org\/fr\/cesar-manrique\/activismo\/","title":{"rendered":"Activisme"},"content":{"rendered":"<p class=\"qtranxs-available-languages-message qtranxs-available-languages-message-fr\">D\u00e9sol\u00e9, cet article est seulement disponible en <a href=\"https:\/\/fcmanrique.org\/es\/wp-json\/wp\/v2\/pages\/45\" class=\"qtranxs-available-language-link qtranxs-available-language-link-es\" title=\"ES\">ES<\/a> et <a href=\"https:\/\/fcmanrique.org\/en\/wp-json\/wp\/v2\/pages\/45\" class=\"qtranxs-available-language-link qtranxs-available-language-link-en\" title=\"EN\">EN<\/a>.<\/p><p><\/p>\n<div class=\"seccion-dividida-principal\">\n<h1>Activismo<\/h1>\n<p>&nbsp;<br \/>\nTras regresar C\u00e9sar de Nueva York en 1968, Lanzarote comenzaba a desarrollarse tur\u00edsticamente. Preocupado por las posibles implicaciones y consecuencias de esta actividad econ\u00f3mica, que \u00e9l mismo impulsaba de la mano del Cabildo Insular de Lanzarote, presidido por Jos\u00e9 Ram\u00edrez Cerd\u00e1, Manrique manifest\u00f3 en varias ocasiones sus inquietudes en los medios de comunicaci\u00f3n: \u201cSiento un poco de miedo ante la avalancha tur\u00edstica que se avecina a Lanzarote\u201d (1965).<\/p>\n<p>Lanzarote se dirig\u00eda con decisi\u00f3n hacia una econom\u00eda de servicios de car\u00e1cter tur\u00edstico y Manrique intuy\u00f3 que, por su valor natural y por su belleza, el paisaje de la isla era susceptible de convertirse en su principal fuente de riqueza, pero tambi\u00e9n sab\u00eda que, por su extrema fragilidad, acciones desafortunadas en el mismo podr\u00edan comprometerlo de manera irreversible.<\/p>\n<p>Fruto de esa inquietud, cuando a partir de mediados de los setenta, y sobre todo desde mediados de los ochenta, se intensifica la construcci\u00f3n alojativa, Manrique participa en actos de protesta por la construcci\u00f3n de complejos tur\u00edsticos y alerta en infinidad de ocasiones de los riesgos de un crecimiento indiscriminado de la oferta alojativa en Lanzarote.<\/p>\n<p>La vertiente activista resulta fundamental para entender la figura de Manrique y su proyecci\u00f3n de artista social, con arraigo p\u00fablico y de fuerte car\u00e1cter ic\u00f3nico para la comunidad. Su implicaci\u00f3n, la labor de denuncia que ejerci\u00f3 abiertamente, su confrontaci\u00f3n directa con autoridades y promotores, y su compromiso con los valores culturales y paisaj\u00edsticos de la isla, lo convirtieron en un s\u00edmbolo, a\u00f1adiendo a su personalidad creativa una dimensi\u00f3n sociopol\u00edtica in\u00e9dita en el panorama art\u00edstico espa\u00f1ol. La actitud propositiva y la denuncia conviven en un perfil de artista complejo y polifac\u00e9tico.<\/p>\n<p>Escribe en 1986 (Lanzarote se est\u00e1 muriendo): \u201cLa insensibilidad reinante unida a la falta absoluta de entusiasmo est\u00e1n aniquilando el amor que hab\u00eda en un principio. Lo \u00fanico v\u00e1lido para ellos es el \u00e9xito de vender en masas y ganar millones, sin tener en cuenta todo lo realizado en los comienzos. Indigna que esta torpe facilidad de ventas al por mayor se base en todos los grandes atractivos que hemos creado en Lanzarote, ya que, de no existir \u00e9stos, no vender\u00edan ni una perra chica. Esto es verdaderamente desmoralizador, es tirarse piedras sobre su propio tejado\u201d.<\/p>\n<\/div>\n<div class=\"seccion-dividida-secundaria\">\n<div class='submenu-secundario'><li><a href='https:\/\/fcmanrique.org\/fr\/cesar-manrique\/biografia\/' class='boton inactive'>Biographie<\/a><\/li><li><a href='https:\/\/fcmanrique.org\/fr\/cesar-manrique\/obra\/' class='boton inactive'>\u0152uvre<\/a><\/li><li><a href='https:\/\/fcmanrique.org\/fr\/cesar-manrique\/bibliografia\/' class='boton inactive'>Bibliographie<\/a><\/li><li><a href='\/centenario\/' class='boton'>Centenario<\/a><\/li><\/div>\nngg_shortcode_0_placeholder\nngg_shortcode_1_placeholder\n<\/div>\n<p><\/p>","protected":false},"excerpt":{"rendered":"<p>D\u00e9sol\u00e9, cet article est seulement disponible en ES et EN. Activismo &nbsp; Tras regresar C\u00e9sar de Nueva York en 1968, Lanzarote comenzaba a desarrollarse tur\u00edsticamente. Preocupado por las posibles implicaciones y consecuencias de esta actividad econ\u00f3mica, que \u00e9l mismo impulsaba de la mano del Cabildo Insular de Lanzarote, presidido por Jos\u00e9 Ram\u00edrez Cerd\u00e1, Manrique manifest\u00f3&#8230; <a href=\"https:\/\/fcmanrique.org\/fr\/cesar-manrique\/activismo\/\" class=\"readmore\">Contin\u00faa leyendo \u2192<\/a><\/p>\n","protected":false},"author":1,"featured_media":0,"parent":18,"menu_order":2,"comment_status":"closed","ping_status":"open","template":"","meta":{"_acf_changed":false,"ngg_post_thumbnail":0,"footnotes":""},"class_list":["post-45","page","type-page","status-publish","hentry"],"acf":[],"_links":{"self":[{"href":"https:\/\/fcmanrique.org\/fr\/wp-json\/wp\/v2\/pages\/45","targetHints":{"allow":["GET"]}}],"collection":[{"href":"https:\/\/fcmanrique.org\/fr\/wp-json\/wp\/v2\/pages"}],"about":[{"href":"https:\/\/fcmanrique.org\/fr\/wp-json\/wp\/v2\/types\/page"}],"author":[{"embeddable":true,"href":"https:\/\/fcmanrique.org\/fr\/wp-json\/wp\/v2\/users\/1"}],"replies":[{"embeddable":true,"href":"https:\/\/fcmanrique.org\/fr\/wp-json\/wp\/v2\/comments?post=45"}],"version-history":[{"count":10,"href":"https:\/\/fcmanrique.org\/fr\/wp-json\/wp\/v2\/pages\/45\/revisions"}],"predecessor-version":[{"id":24332,"href":"https:\/\/fcmanrique.org\/fr\/wp-json\/wp\/v2\/pages\/45\/revisions\/24332"}],"up":[{"embeddable":true,"href":"https:\/\/fcmanrique.org\/fr\/wp-json\/wp\/v2\/pages\/18"}],"wp:attachment":[{"href":"https:\/\/fcmanrique.org\/fr\/wp-json\/wp\/v2\/media?parent=45"}],"curies":[{"name":"wp","href":"https:\/\/api.w.org\/{rel}","templated":true}]}}