{"id":51,"date":"2015-06-04T13:44:40","date_gmt":"2015-06-04T13:44:40","guid":{"rendered":"https:\/\/fcmanrique.org\/w2015\/?page_id=51"},"modified":"2016-08-30T12:07:28","modified_gmt":"2016-08-30T12:07:28","slug":"visitas-en-grupo","status":"publish","type":"page","link":"https:\/\/fcmanrique.org\/fr\/servicios\/visitas-en-grupo\/","title":{"rendered":"Visites en groupe"},"content":{"rendered":"<p><strong>Visites en groupe pour les deux maisons-mus\u00e9es<\/strong><br \/>\nLes groupes form\u00e9s par un minimum de 20 personnes b\u00e9n\u00e9ficieront d\u2019un tarif r\u00e9duit \u00e0 conditions de r\u00e9server au moins un jour \u00e0 l\u2019avance<\/p>\n<p><strong>Information et r\u00e9servation:<\/strong><br \/>\nD\u00e9partement de groupes: <a href=\"mailto:grupos@fcmanrique.org\">grupos@fcmanrique.org<\/a><br \/>\nHoraire: du lundi au vendredi, de 9 h 00 \u00e0 14 h 00.<br \/>\n+34 928 843 138<br \/>\n<\/p>","protected":false},"excerpt":{"rendered":"<p>Visites en groupe pour les deux maisons-mus\u00e9es Les groupes form\u00e9s par un minimum de 20 personnes b\u00e9n\u00e9ficieront d\u2019un tarif r\u00e9duit \u00e0 conditions de r\u00e9server au moins un jour \u00e0 l\u2019avance Information et r\u00e9servation: D\u00e9partement de groupes: grupos@fcmanrique.org Horaire: du lundi au vendredi, de 9 h 00 \u00e0 14 h 00. +34 928 843 138<\/p>\n","protected":false},"author":1,"featured_media":0,"parent":47,"menu_order":1,"comment_status":"closed","ping_status":"open","template":"","meta":{"_acf_changed":false,"ngg_post_thumbnail":0,"footnotes":""},"class_list":["post-51","page","type-page","status-publish","hentry"],"acf":[],"_links":{"self":[{"href":"https:\/\/fcmanrique.org\/fr\/wp-json\/wp\/v2\/pages\/51","targetHints":{"allow":["GET"]}}],"collection":[{"href":"https:\/\/fcmanrique.org\/fr\/wp-json\/wp\/v2\/pages"}],"about":[{"href":"https:\/\/fcmanrique.org\/fr\/wp-json\/wp\/v2\/types\/page"}],"author":[{"embeddable":true,"href":"https:\/\/fcmanrique.org\/fr\/wp-json\/wp\/v2\/users\/1"}],"replies":[{"embeddable":true,"href":"https:\/\/fcmanrique.org\/fr\/wp-json\/wp\/v2\/comments?post=51"}],"version-history":[{"count":4,"href":"https:\/\/fcmanrique.org\/fr\/wp-json\/wp\/v2\/pages\/51\/revisions"}],"predecessor-version":[{"id":551,"href":"https:\/\/fcmanrique.org\/fr\/wp-json\/wp\/v2\/pages\/51\/revisions\/551"}],"up":[{"embeddable":true,"href":"https:\/\/fcmanrique.org\/fr\/wp-json\/wp\/v2\/pages\/47"}],"wp:attachment":[{"href":"https:\/\/fcmanrique.org\/fr\/wp-json\/wp\/v2\/media?parent=51"}],"curies":[{"name":"wp","href":"https:\/\/api.w.org\/{rel}","templated":true}]}}