{"id":14,"date":"2015-05-27T09:52:57","date_gmt":"2015-05-27T09:52:57","guid":{"rendered":"https:\/\/fcmanrique.org\/w2015\/?page_id=14"},"modified":"2025-01-16T11:41:03","modified_gmt":"2025-01-16T11:41:03","slug":"fundacion-cesar-manrique-tahiche","status":"publish","type":"page","link":"https:\/\/fcmanrique.org\/it\/casas-museo-visitas\/fundacion-cesar-manrique-tahiche\/","title":{"rendered":"Fundaci\u00f3n C\u00e9sar Manrique"},"content":{"rendered":"<p><\/p>\n<h1>Casa del Vulcano.<\/h1>\n<h2><em>Fondazione C\u00e9sar Manrique.<\/em> Tah\u00edche<\/h2>\n<p>La Fondazione C\u00e9sar Manrique \u00e8 situata nella singolare e spettacolare dimora costruita da C\u00e9sar Manrique dopo il suo ritorno da New York, quando decise di stabilirsi definitivamente a Lanzarote. Ubicata nel mezzo di una colata di lava, originata dalle grandi eruzioni che colpirono l\u2019isola tra il 1730 e il 1736, essa \u00e8 la casa nella quale Manrique trascorse la maggior parte del tempo, essendo stata dimora dell\u2019artista per venti anni, dal 1968 al 1988. In questa struttura, che occupa 3.000 metri quadrati, all\u2019interno di una propriet\u00e0 di 30.000, risalta il dialogo tra l\u2019edificio e la natura, in una fusione tra il vulcano e l\u2019architettura che rispecchia un rapporto di rispetto permanente.<\/p>\n<p>Il piano superiore \u00e8 ispirato all\u2019architettura tradizionale di Lanzarote, alla quale aggiunge elementi funzionali di concetti moderni (ampie vetrate, spazi generosi, illuminazione zenitale, etc.).<\/p>\n<p>Al piano inferiore, la dimora sfrutta cinque bolle vulcaniche naturali, in comunicazione tra loro attraverso dei tunnel scavati nella lava. Esse danno vita ad un luogo abitabile sorprendente ed esemplare: un\u2019interpretazione sullo spazio naturale. Inoltre \u00e8 possibile visitare la piscina, la piccola pista da ballo, il forno, il barbecue&#8230; il tutto accompagnato da una folta vegetazione e dalla presenza costante del basalto. Nell\u2019ultimo spazio, verso l\u2019uscita, c\u2019\u00e8 il vecchio studio del pittore, oggi convertito in sala di esposizione per i suoi dipinti.<\/p>\n<p>Nei giardini che circondano la casa, si combinano i contrasti affascinanti dell\u2019inorganico, il nero della lava, la cenere vulcanica e i socos (paraventi) con alberi da frutta e altre piante.<\/p>\n<p>Visitare questa casa, costruita su un mare di lava, \u00e8 un\u2019esperienza straordinaria.<\/p>","protected":false},"excerpt":{"rendered":"<p>Casa del Vulcano. Fondazione C\u00e9sar Manrique. Tah\u00edche La Fondazione C\u00e9sar Manrique \u00e8 situata nella singolare e spettacolare dimora costruita da C\u00e9sar Manrique dopo il suo ritorno da New York, quando decise di stabilirsi definitivamente a Lanzarote. Ubicata nel mezzo di una colata di lava, originata dalle grandi eruzioni che colpirono l\u2019isola tra il 1730 e&#8230; <a href=\"https:\/\/fcmanrique.org\/it\/casas-museo-visitas\/fundacion-cesar-manrique-tahiche\/\" class=\"readmore\">Contin\u00faa leyendo \u2192<\/a><\/p>\n","protected":false},"author":1,"featured_media":0,"parent":12,"menu_order":1,"comment_status":"closed","ping_status":"closed","template":"","meta":{"_acf_changed":false,"ngg_post_thumbnail":0,"footnotes":""},"class_list":["post-14","page","type-page","status-publish","hentry"],"acf":[],"_links":{"self":[{"href":"https:\/\/fcmanrique.org\/it\/wp-json\/wp\/v2\/pages\/14","targetHints":{"allow":["GET"]}}],"collection":[{"href":"https:\/\/fcmanrique.org\/it\/wp-json\/wp\/v2\/pages"}],"about":[{"href":"https:\/\/fcmanrique.org\/it\/wp-json\/wp\/v2\/types\/page"}],"author":[{"embeddable":true,"href":"https:\/\/fcmanrique.org\/it\/wp-json\/wp\/v2\/users\/1"}],"replies":[{"embeddable":true,"href":"https:\/\/fcmanrique.org\/it\/wp-json\/wp\/v2\/comments?post=14"}],"version-history":[{"count":123,"href":"https:\/\/fcmanrique.org\/it\/wp-json\/wp\/v2\/pages\/14\/revisions"}],"predecessor-version":[{"id":26344,"href":"https:\/\/fcmanrique.org\/it\/wp-json\/wp\/v2\/pages\/14\/revisions\/26344"}],"up":[{"embeddable":true,"href":"https:\/\/fcmanrique.org\/it\/wp-json\/wp\/v2\/pages\/12"}],"wp:attachment":[{"href":"https:\/\/fcmanrique.org\/it\/wp-json\/wp\/v2\/media?parent=14"}],"curies":[{"name":"wp","href":"https:\/\/api.w.org\/{rel}","templated":true}]}}