{"id":16,"date":"2015-05-27T09:53:19","date_gmt":"2015-05-27T09:53:19","guid":{"rendered":"https:\/\/fcmanrique.org\/w2015\/?page_id=16"},"modified":"2025-01-16T11:39:28","modified_gmt":"2025-01-16T11:39:28","slug":"casa-museo-cesar-manrique-haria","status":"publish","type":"page","link":"https:\/\/fcmanrique.org\/it\/casas-museo-visitas\/casa-museo-cesar-manrique-haria\/","title":{"rendered":"Casa-Museo C\u00e9sar Manrique Har\u00eda"},"content":{"rendered":"<p><\/p>\n<h1>Casa del Palmeto.<\/h1>\n<h2><em>Casa-Museo C\u00e9sar Manrique.<\/em> Har\u00eda<\/h2>\n<p>La Casa-Museo C\u00e9sar Manrique si trova nel bel mezzo di un <strong>privilegiato giardino di palme<\/strong> nella pittoresca cittadina di Har\u00eda, nel Nord di Lanzarote, nella quale ancora oggi si conservano le forme di vita tradizionali dell\u2019isola. Ad Har\u00eda, l\u2019artista trov\u00f2 la <strong>tranquillit\u00e0 e il contatto con la natura<\/strong> che tanto amava.<\/p>\n<p>Agli inizi del 1986, Manrique avvi\u00f2 la costruzione della sua nuova casa riutilizzando e adattando una masseria in rovina, ubicata in una propriet\u00e0 agricola che aveva acquistato negli anni Settanta. Si avvicin\u00f2 al linguaggio dell\u2019architettura tradizionale riconsiderata da un punto di vista moderno, nel quale <strong>risaltano l\u2019estetica e il comfort<\/strong>. Visse in questa casa fino al 1992, anno della sua morte. Nel 2013, essa fu aperta al pubblico come Casa-Museo. La sua storia permette al turista di contemplare le camere della residenza e l\u2019atelier nel quale il pittore lavor\u00f2 e trascorse gli ultimi anni della sua vita.<\/p>\n<p>Attraverso due cortili, si accede ad un mondo sorprendente di <strong>beni personali<\/strong>, utensili, oggetti ritrovati e pezzi di artigianato ai quali Manrique diede una funzione estetica. Tutto lo spazio \u00e8 caratterizzato dalla nobilt\u00e0 dei materiali e dalle caratteristiche tipiche del buon gusto. L\u2019esuberante vegetazione, esterna e interna, contribuisce a creare <strong>ambienti sereni e accoglienti<\/strong>. Nell\u2019atelier, isolato dalla dimora, si pu\u00f2 vedere lo scenario originale in cui il pittore ogni giorno dipingeva, circondato da pigmenti, tavoli con disegni, cavalletti e dipinti incompiuti, il tutto conservato proprio come l\u2019artista lo lasci\u00f2 prima di morire.<\/p>\n<p>Il visitatore potr\u00e0 vivere un\u2019esperienza unica in un ambiente naturale e tranquillo. Un mondo veramente singolare che permette di avvicinarsi al lato pi\u00f9 umano di questo grande artista nato a Lanzarote.<\/p>","protected":false},"excerpt":{"rendered":"<p>Casa del Palmeto. Casa-Museo C\u00e9sar Manrique. Har\u00eda La Casa-Museo C\u00e9sar Manrique si trova nel bel mezzo di un privilegiato giardino di palme nella pittoresca cittadina di Har\u00eda, nel Nord di Lanzarote, nella quale ancora oggi si conservano le forme di vita tradizionali dell\u2019isola. Ad Har\u00eda, l\u2019artista trov\u00f2 la tranquillit\u00e0 e il contatto con la natura&#8230; <a href=\"https:\/\/fcmanrique.org\/it\/casas-museo-visitas\/casa-museo-cesar-manrique-haria\/\" class=\"readmore\">Contin\u00faa leyendo \u2192<\/a><\/p>\n","protected":false},"author":1,"featured_media":0,"parent":12,"menu_order":0,"comment_status":"closed","ping_status":"closed","template":"","meta":{"_acf_changed":false,"ngg_post_thumbnail":0,"footnotes":""},"class_list":["post-16","page","type-page","status-publish","hentry"],"acf":[],"_links":{"self":[{"href":"https:\/\/fcmanrique.org\/it\/wp-json\/wp\/v2\/pages\/16","targetHints":{"allow":["GET"]}}],"collection":[{"href":"https:\/\/fcmanrique.org\/it\/wp-json\/wp\/v2\/pages"}],"about":[{"href":"https:\/\/fcmanrique.org\/it\/wp-json\/wp\/v2\/types\/page"}],"author":[{"embeddable":true,"href":"https:\/\/fcmanrique.org\/it\/wp-json\/wp\/v2\/users\/1"}],"replies":[{"embeddable":true,"href":"https:\/\/fcmanrique.org\/it\/wp-json\/wp\/v2\/comments?post=16"}],"version-history":[{"count":91,"href":"https:\/\/fcmanrique.org\/it\/wp-json\/wp\/v2\/pages\/16\/revisions"}],"predecessor-version":[{"id":26343,"href":"https:\/\/fcmanrique.org\/it\/wp-json\/wp\/v2\/pages\/16\/revisions\/26343"}],"up":[{"embeddable":true,"href":"https:\/\/fcmanrique.org\/it\/wp-json\/wp\/v2\/pages\/12"}],"wp:attachment":[{"href":"https:\/\/fcmanrique.org\/it\/wp-json\/wp\/v2\/media?parent=16"}],"curies":[{"name":"wp","href":"https:\/\/api.w.org\/{rel}","templated":true}]}}