{"id":18023,"date":"2019-02-25T17:25:43","date_gmt":"2019-02-25T17:25:43","guid":{"rendered":"https:\/\/fcmanrique.org\/?page_id=18023"},"modified":"2019-10-15T14:09:42","modified_gmt":"2019-10-15T14:09:42","slug":"contacto-y-prensa","status":"publish","type":"page","link":"https:\/\/fcmanrique.org\/it\/centenario\/contacto-y-prensa\/","title":{"rendered":"Contacto y prensa"},"content":{"rendered":"<p class=\"qtranxs-available-languages-message qtranxs-available-languages-message-it\">Ci spiace, ma questo articolo \u00e8 disponibile soltanto in <a href=\"https:\/\/fcmanrique.org\/es\/wp-json\/wp\/v2\/pages\/18023\" class=\"qtranxs-available-language-link qtranxs-available-language-link-es\" title=\"ES\">ES<\/a>.<\/p><p><\/p>\n<h1>Fundaci\u00f3n C\u00e9sar Manrique<\/h1>\n<p>&nbsp;<\/p>\n<p>&nbsp;<\/p>\n<p>Cualquier material que se descargue tiene un uso finalista y la <strong>AUTORIZACI\u00d3N<\/strong> para usarlo <a style=\"text-decoration: underline; font-weight: bold;\" href=\"https:\/\/fcmanrique.org\/servicios\/solicitud-de-imagenes\/?lang=es\">se solicita haciendo click aqu\u00ed<\/a><\/p>\n<p>&nbsp;<\/p>\n<p>&nbsp;<\/p>\n<hr>\n<p>Taro de Tah\u00edche \u2013 C\/ Jorge Luis Borges, 16. Tah\u00edche, 35507. Lanzarote<br \/>\nTel: +34 928 84 31 38<br \/>\n<a href=\"mailto:fcm@fcmanrique.org\">fcm@fcmanrique.org<\/a><\/p>\n<hr>\n<ul class=\"columnas-4\">\n<li>\n<div class=\"centenario-seccion-leyend\">Descargar<\/div>\n<div class=\"prensa-item\">Dossier<a href=\"https:\/\/fcmanrique.org\/descargas\/Dossier-prensa.zip\"><img decoding=\"async\" src=\"\/wp-content\/themes\/fcmanrique_2018\/img\/flecha-centenario-download.png\"><\/a><\/div>\n<p>&nbsp;<\/li>\n<li>\n<div class=\"centenario-seccion-leyend\">Descargar<\/div>\n<div class=\"prensa-item\">Im\u00e1genes<br \/>\n<a href=\"https:\/\/fcmanrique.org\/descargas\/Imagenes.zip\"><img decoding=\"async\" src=\"\/wp-content\/themes\/fcmanrique_2018\/img\/flecha-centenario-download.png\"><\/a><\/div>\n<p>&nbsp;<\/li>\n<li>\n<div class=\"centenario-seccion-leyend\">Descargar<\/div>\n<div class=\"prensa-item\">Logotipos<br \/>\n<a href=\"https:\/\/fcmanrique.org\/descargas\/Logotipos.zip\"><img decoding=\"async\" src=\"\/wp-content\/themes\/fcmanrique_2018\/img\/flecha-centenario-download.png\"><\/a><\/div>\n<p>&nbsp;<\/li>\n<li>\n<div class=\"centenario-seccion-leyend\">Descargar<\/div>\n<div class=\"prensa-item\">Otros Materiales<br \/>\n<a href=\"https:\/\/fcmanrique.org\/descargas\/SPOT-FCM.mp4\"><img decoding=\"async\" src=\"\/wp-content\/themes\/fcmanrique_2018\/img\/flecha-centenario-download.png\"><\/a><\/div>\n<p>&nbsp;<\/li>\n<\/ul>\n<p><\/p>","protected":false},"excerpt":{"rendered":"<p>Ci spiace, ma questo articolo \u00e8 disponibile soltanto in ES. Fundaci\u00f3n C\u00e9sar Manrique &nbsp; &nbsp; Cualquier material que se descargue tiene un uso finalista y la AUTORIZACI\u00d3N para usarlo se solicita haciendo click aqu\u00ed &nbsp; &nbsp; Taro de Tah\u00edche \u2013 C\/ Jorge Luis Borges, 16. Tah\u00edche, 35507. Lanzarote Tel: +34 928 84 31 38 fcm@fcmanrique.org&#8230; <a href=\"https:\/\/fcmanrique.org\/it\/centenario\/contacto-y-prensa\/\" class=\"readmore\">Contin\u00faa leyendo \u2192<\/a><\/p>\n","protected":false},"author":1,"featured_media":0,"parent":17944,"menu_order":0,"comment_status":"closed","ping_status":"closed","template":"","meta":{"_acf_changed":false,"ngg_post_thumbnail":0,"footnotes":""},"class_list":["post-18023","page","type-page","status-publish","hentry"],"acf":[],"_links":{"self":[{"href":"https:\/\/fcmanrique.org\/it\/wp-json\/wp\/v2\/pages\/18023","targetHints":{"allow":["GET"]}}],"collection":[{"href":"https:\/\/fcmanrique.org\/it\/wp-json\/wp\/v2\/pages"}],"about":[{"href":"https:\/\/fcmanrique.org\/it\/wp-json\/wp\/v2\/types\/page"}],"author":[{"embeddable":true,"href":"https:\/\/fcmanrique.org\/it\/wp-json\/wp\/v2\/users\/1"}],"replies":[{"embeddable":true,"href":"https:\/\/fcmanrique.org\/it\/wp-json\/wp\/v2\/comments?post=18023"}],"version-history":[{"count":40,"href":"https:\/\/fcmanrique.org\/it\/wp-json\/wp\/v2\/pages\/18023\/revisions"}],"predecessor-version":[{"id":20664,"href":"https:\/\/fcmanrique.org\/it\/wp-json\/wp\/v2\/pages\/18023\/revisions\/20664"}],"up":[{"embeddable":true,"href":"https:\/\/fcmanrique.org\/it\/wp-json\/wp\/v2\/pages\/17944"}],"wp:attachment":[{"href":"https:\/\/fcmanrique.org\/it\/wp-json\/wp\/v2\/media?parent=18023"}],"curies":[{"name":"wp","href":"https:\/\/api.w.org\/{rel}","templated":true}]}}