{"id":41,"date":"2015-06-04T13:43:25","date_gmt":"2015-06-04T13:43:25","guid":{"rendered":"https:\/\/fcmanrique.org\/w2015\/?page_id=41"},"modified":"2022-10-03T10:06:12","modified_gmt":"2022-10-03T10:06:12","slug":"biografia","status":"publish","type":"page","link":"https:\/\/fcmanrique.org\/it\/cesar-manrique\/biografia\/","title":{"rendered":"Biografia"},"content":{"rendered":"<p><\/p>\n<div class=\"seccion-dividida-principal\">\n<h1>Biografia<\/h1>\n<p>C\u00e9sar Manrique (1919-1992) nacque ad Arrecife, Lanzarote, isola nella quale il suo percorso artistico ha lasciato tracce indelebili.<\/p>\n<p>Dopo aver terminato gli studi presso l\u2019Accademia delle Belle Arti di San Fernando a Madrid (dove visse tra il 1945 e il 1964), organizz\u00f2 spesso delle esposizioni dei suoi dipinti sia in Spagna, sia all\u2019estero. Nella prima met\u00e0 degli anni Cinquanta, si addentr\u00f2 nell\u2019arte figurativa e approfond\u00ec le qualit\u00e0 della materia fino a renderla protagonista principale delle sue composizioni, vincolandosi cos\u00ec al movimento informale spagnolo contemporaneo.<\/p>\n<p>Nonostante l\u2019estrazione materiale e astratta, l\u2019immaginario plastico della sua produzione pittorica era ispirato dalle impressioni del paesaggio vulcanico di Lanzarote, che l\u2019artista plasm\u00f2 in una specie di naturalismo non realista che non nasceva dalla copia della natura, ma dalla sua comprensione emotiva: \u00abCerco di essere la mano libera che d\u00e0 forma alla geologia\u00bb, scrisse.<\/p>\n<p>Nel 1964, si trasfer\u00ec a New York, dove visse ed espose le sue opere, in tre occasioni, nella galleria Catherine Viviano. Il contatto diretto con l\u2019espressionismo astratto americano, l\u2019arte pop, la nuova scultura e l\u2019arte cinetica, gli permise di avere una cultura visiva fondamentale per il suo percorso creativo posteriore.<\/p>\n<p>A met\u00e0 degli anni Sessanta, in concomitanza con il suo trasferimento a Lanzarote, C\u00e9sar Manrique promosse una serie di progetti artistici \u2014innovativi per l\u2019epoca\u2014 di carattere speciale e paesaggistico plasmando il suo pensiero plastico ed etico. Si trattava di un insieme di azioni e interventi che risaltavano il valore del paesaggio e delle bellezze naturali dell\u2019isola, che diedero vita ad un nuovo aspetto e alla proiezione internazionale della stessa, inserendosi nel contesto della trasformazione paesaggistica e dell\u2019adattamento di Lanzarote all\u2019economia del turismo.<\/p>\n<p>Cos\u00ec, cre\u00f2 una nuova ideologia estetica, che defin\u00ec arte-natura\/natura-arte, nella quale integr\u00f2 diverse manifestazioni artistiche, riflesse nelle sue opere paesaggistiche, che rappresentano ancora oggi un esempio singolare dell\u2019arte pubblica in Spagna: <em>Jameos del Agua<\/em>, <em>Mirador del R\u00edo<\/em>, <em>Jard\u00edn de Cactus<\/em>, <em>Timanfaya<\/em>, etc. Sono soprattutto interventi vincolati all\u2019industria turistica, ai quali Manrique don\u00f2 una funzionalit\u00e0 economica e sociale inedita nella cultura spagnola. Opere di questo genere sono state realizzate dallo stesso Manrique in altre isole dell\u2019arcipelago delle Canarie, cos\u00ec come al di fuori dello stesso \u2014terrazze panoramiche, giardini, adattamenti di spazi degradati, riforme del litorale&#8230;\u2014. In esse, l\u2019artista conservava le caratteristiche proprie dei luoghi: un dialogo che ha sempre rispettato la natura, tra i valori architettonici della tradizione locale e le concezioni moderne.<\/p>\n<\/div>\n<div class=\"seccion-dividida-secundaria\">\n<div class='submenu-secundario'><li><a href='https:\/\/fcmanrique.org\/it\/cesar-manrique\/obra\/' class='boton inactive'>Opera<\/a><\/li><li><a href='https:\/\/fcmanrique.org\/it\/cesar-manrique\/activismo\/' class='boton inactive'>Attivismo<\/a><\/li><li><a href='https:\/\/fcmanrique.org\/it\/cesar-manrique\/bibliografia\/' class='boton inactive'>Bibliografia<\/a><\/li><li><a href='\/centenario\/' class='boton'>Centenario<\/a><\/li><\/div>\nngg_shortcode_5_placeholder\n<\/div>\n<p><\/p>","protected":false},"excerpt":{"rendered":"<p>Biografia C\u00e9sar Manrique (1919-1992) nacque ad Arrecife, Lanzarote, isola nella quale il suo percorso artistico ha lasciato tracce indelebili. Dopo aver terminato gli studi presso l\u2019Accademia delle Belle Arti di San Fernando a Madrid (dove visse tra il 1945 e il 1964), organizz\u00f2 spesso delle esposizioni dei suoi dipinti sia in Spagna, sia all\u2019estero. Nella&#8230; <a href=\"https:\/\/fcmanrique.org\/it\/cesar-manrique\/biografia\/\" class=\"readmore\">Contin\u00faa leyendo \u2192<\/a><\/p>\n","protected":false},"author":1,"featured_media":0,"parent":18,"menu_order":0,"comment_status":"closed","ping_status":"open","template":"","meta":{"_acf_changed":false,"ngg_post_thumbnail":0,"footnotes":""},"class_list":["post-41","page","type-page","status-publish","hentry"],"acf":[],"_links":{"self":[{"href":"https:\/\/fcmanrique.org\/it\/wp-json\/wp\/v2\/pages\/41","targetHints":{"allow":["GET"]}}],"collection":[{"href":"https:\/\/fcmanrique.org\/it\/wp-json\/wp\/v2\/pages"}],"about":[{"href":"https:\/\/fcmanrique.org\/it\/wp-json\/wp\/v2\/types\/page"}],"author":[{"embeddable":true,"href":"https:\/\/fcmanrique.org\/it\/wp-json\/wp\/v2\/users\/1"}],"replies":[{"embeddable":true,"href":"https:\/\/fcmanrique.org\/it\/wp-json\/wp\/v2\/comments?post=41"}],"version-history":[{"count":30,"href":"https:\/\/fcmanrique.org\/it\/wp-json\/wp\/v2\/pages\/41\/revisions"}],"predecessor-version":[{"id":23109,"href":"https:\/\/fcmanrique.org\/it\/wp-json\/wp\/v2\/pages\/41\/revisions\/23109"}],"up":[{"embeddable":true,"href":"https:\/\/fcmanrique.org\/it\/wp-json\/wp\/v2\/pages\/18"}],"wp:attachment":[{"href":"https:\/\/fcmanrique.org\/it\/wp-json\/wp\/v2\/media?parent=41"}],"curies":[{"name":"wp","href":"https:\/\/api.w.org\/{rel}","templated":true}]}}