{"id":43,"date":"2015-06-04T13:43:38","date_gmt":"2015-06-04T13:43:38","guid":{"rendered":"https:\/\/fcmanrique.org\/w2015\/?page_id=43"},"modified":"2022-10-03T10:02:37","modified_gmt":"2022-10-03T10:02:37","slug":"obra","status":"publish","type":"page","link":"https:\/\/fcmanrique.org\/it\/cesar-manrique\/obra\/","title":{"rendered":"Opera"},"content":{"rendered":"<p class=\"qtranxs-available-languages-message qtranxs-available-languages-message-it\">Ci spiace, ma questo articolo \u00e8 disponibile soltanto in <a href=\"https:\/\/fcmanrique.org\/es\/wp-json\/wp\/v2\/pages\/43\" class=\"qtranxs-available-language-link qtranxs-available-language-link-es\" title=\"ES\">ES<\/a> e <a href=\"https:\/\/fcmanrique.org\/en\/wp-json\/wp\/v2\/pages\/43\" class=\"qtranxs-available-language-link qtranxs-available-language-link-en\" title=\"EN\">EN<\/a>.<\/p><p><\/p>\n<div class=\"seccion-dividida-principal\">\n<h1>Obra<\/h1>\n<p>&nbsp;<br \/>\nC\u00e9sar Manrique elabor\u00f3 sus propuestas art\u00edsticas en di\u00e1logo con los lenguajes pl\u00e1sticos de su tiempo. Si en pintura permaneci\u00f3 fiel a la tradici\u00f3n informalista, sus esculturas y objetos, ideadas en su mayor\u00eda para sus intervenciones espaciales, se relacionan con el arte pop, con el arte cin\u00e9tico o la nueva escultura. Pero fue al regresar a Lanzarote, a finales de los sesenta, cuando encontr\u00f3 el marco adecuado para abrir su pr\u00e1ctica art\u00edstica a nuevas iniciativas. De tal modo, que ser\u00eda en sus obras de intervenci\u00f3n en el espacio donde pudo concretar su nuevo ideario est\u00e9tico, a cuyo desarrollo dedic\u00f3 buena parte de su actividad creativa.<\/p>\n<p><a class=\"pdf\" href=\"https:\/\/fcmanrique.org\/recursos\/menu\/cesar%20manrique%20nueva%20york.pdf\" target=\"_blank\" rel=\"noopener\">C\u00e9sar Manrique. El artista y su obra. (Gu\u00eda de la exposici\u00f3n C\u00e9sar Manrique Nueva York)<\/a><br \/>\n<a class=\"pdf\" href=\"https:\/\/fcmanrique.org\/recursos\/menu\/texto%20IVAM.pdf\" target=\"_blank\" rel=\"noopener\">Texto explicativo exposici\u00f3n IVAM 2005<\/a><br \/>\n<a class=\"pdf\" href=\"https:\/\/fcmanrique.org\/recursos\/menu\/Textos%20castellano.pdf\" target=\"_blank\" rel=\"noopener\">Textos libro&nbsp;C\u00e9sar Manrique. Pintura<\/a><\/p>\n<\/div>\n<div class=\"seccion-dividida-secundaria\"><div class='submenu-secundario'><li><a href='https:\/\/fcmanrique.org\/it\/cesar-manrique\/biografia\/' class='boton inactive'>Biografia<\/a><\/li><li><a href='https:\/\/fcmanrique.org\/it\/cesar-manrique\/activismo\/' class='boton inactive'>Attivismo<\/a><\/li><li><a href='https:\/\/fcmanrique.org\/it\/cesar-manrique\/bibliografia\/' class='boton inactive'>Bibliografia<\/a><\/li><li><a href='\/centenario\/' class='boton'>Centenario<\/a><\/li><\/div><\/div>\n<p><\/p>","protected":false},"excerpt":{"rendered":"<p>Ci spiace, ma questo articolo \u00e8 disponibile soltanto in ES e EN. Obra &nbsp; C\u00e9sar Manrique elabor\u00f3 sus propuestas art\u00edsticas en di\u00e1logo con los lenguajes pl\u00e1sticos de su tiempo. Si en pintura permaneci\u00f3 fiel a la tradici\u00f3n informalista, sus esculturas y objetos, ideadas en su mayor\u00eda para sus intervenciones espaciales, se relacionan con el arte&#8230; <a href=\"https:\/\/fcmanrique.org\/it\/cesar-manrique\/obra\/\" class=\"readmore\">Contin\u00faa leyendo \u2192<\/a><\/p>\n","protected":false},"author":1,"featured_media":0,"parent":18,"menu_order":1,"comment_status":"closed","ping_status":"open","template":"","meta":{"_acf_changed":false,"ngg_post_thumbnail":0,"footnotes":""},"class_list":["post-43","page","type-page","status-publish","hentry"],"acf":[],"_links":{"self":[{"href":"https:\/\/fcmanrique.org\/it\/wp-json\/wp\/v2\/pages\/43","targetHints":{"allow":["GET"]}}],"collection":[{"href":"https:\/\/fcmanrique.org\/it\/wp-json\/wp\/v2\/pages"}],"about":[{"href":"https:\/\/fcmanrique.org\/it\/wp-json\/wp\/v2\/types\/page"}],"author":[{"embeddable":true,"href":"https:\/\/fcmanrique.org\/it\/wp-json\/wp\/v2\/users\/1"}],"replies":[{"embeddable":true,"href":"https:\/\/fcmanrique.org\/it\/wp-json\/wp\/v2\/comments?post=43"}],"version-history":[{"count":14,"href":"https:\/\/fcmanrique.org\/it\/wp-json\/wp\/v2\/pages\/43\/revisions"}],"predecessor-version":[{"id":23106,"href":"https:\/\/fcmanrique.org\/it\/wp-json\/wp\/v2\/pages\/43\/revisions\/23106"}],"up":[{"embeddable":true,"href":"https:\/\/fcmanrique.org\/it\/wp-json\/wp\/v2\/pages\/18"}],"wp:attachment":[{"href":"https:\/\/fcmanrique.org\/it\/wp-json\/wp\/v2\/media?parent=43"}],"curies":[{"name":"wp","href":"https:\/\/api.w.org\/{rel}","templated":true}]}}